{"id":81,"date":"2019-08-02T18:47:01","date_gmt":"2019-08-02T16:47:01","guid":{"rendered":"http:\/\/patriciasevat.com\/?page_id=81"},"modified":"2023-09-20T18:58:04","modified_gmt":"2023-09-20T16:58:04","slug":"deroulement-dune-seance","status":"publish","type":"page","link":"https:\/\/patriciasevat.com\/index.php\/deroulement-dune-seance\/","title":{"rendered":"D\u00e9roulement d&rsquo;une s\u00e9ance"},"content":{"rendered":"<p style=\"text-align: left;\"><span style=\"color: #000000; font-family: 'comic sans ms', sans-serif; font-size: 14pt;\">Lors de la premi\u00e8re s\u00e9ance, j&rsquo;\u00e9tudie votre probl\u00e9matique (anamn\u00e8se) par un entretien. Nous retracerons ensemble l&rsquo;historique de la difficult\u00e9, ses manifestations, son impact dans votre vie de tous les jours ainsi que les m\u00e9thodes employ\u00e9es par le pass\u00e9 pour les contrer. Elle est indispensable pour comprendre exactement l&rsquo;objectif d\u00e9sir\u00e9.<\/span><br \/>\n<span style=\"color: #000000; font-family: 'comic sans ms', sans-serif; font-size: 14pt;\">Ensuite je vous explique bri\u00e8vement ce qu&rsquo;est un \u00e9tat hypnotique et la mani\u00e8re de proc\u00e9der.<\/span><\/p>\n<p style=\"text-align: left;\"><span style=\"color: #000000; font-family: 'comic sans ms', sans-serif; font-size: 14pt;\">Chaque s\u00e9ance est \u00e9videmment \u00ab\u00a0UNIQUE\u00a0\u00bb car chaque personne est \u00ab\u00a0UNIQUE\u00a0\u00bb dans l&rsquo;objectif \u00e0 atteindre. Vous aurez alors le choix de rester assis(e) ou bien allong\u00e9(e) selon ce qui vous para\u00eet le plus confortable.<\/span><br \/>\n<span style=\"color: #000000; font-family: 'comic sans ms', sans-serif; font-size: 14pt;\">De la motivation du sujet d\u00e9pend la r\u00e9ussite de la th\u00e9rapie, l&rsquo;hypnose n&rsquo;est pas un m\u00e9dicament \u00e0 prendre. Le pouvoir du changement est en chacun et est efficace que si vous souhaitez profond\u00e9ment ce changement.<\/span><\/p>\n<p style=\"text-align: left;\"><span style=\"color: #000000; font-family: 'comic sans ms', sans-serif;\"><span style=\"font-size: 14pt;\">L\u2019hypnoth\u00e9rapeute ne sert que de guide (m\u00e9diateur) entre le conscient et l&rsquo;inconscient de la personne en transe. Lorsque la transe est \u00e9tablie plus ou moins profond\u00e9ment, je vous donnerai des suggestions en rapport avec le travail \u00e0 faire. Le \u00ab\u00a0plateau th\u00e9rapeutique\u00a0\u00bb est l&rsquo;utilisation de techniques de communication et de protocoles pr\u00e9cis dirig\u00e9s vers l&rsquo;inconscient. Vous entendez distinctement <\/span><span style=\"font-size: 14pt;\">tout ou en partie les paroles dites en \u00e9tant profond\u00e9ment <\/span><span style=\"font-size: 14pt;\">relax\u00e9(e). Au sortir de la s\u00e9ance, vous vous sentirez d\u00e9tendue et vous souviendrez de ce qui s&rsquo;est pass\u00e9. Pour finir, nous consacrerons un peu de temps pour le feedback.<\/span><\/span><\/p>\n<p style=\"text-align: left;\"><span style=\"color: #000000; font-family: verdana, geneva, sans-serif; font-size: 14pt;\"><span style=\"font-family: 'comic sans ms', sans-serif;\">En principe<\/span>, <strong>la s\u00e9ance dure entre 1 heure \u00e0 1 heure et demie<\/strong>. <span style=\"font-family: 'comic sans ms', sans-serif;\">(plus longtemps pur les forfaits poids et tabac)<\/span>.<\/span><\/p>\n<p style=\"text-align: left;\"><span style=\"color: #000000; font-family: verdana, geneva, sans-serif; font-size: 14pt;\"><span style=\"font-family: 'comic sans ms', sans-serif;\">D\u00e8s la premi\u00e8re s\u00e9ance, les effets de la th\u00e9rapie compl\u00e9mentaire se font ressentir, mais<\/span> <strong>le nombre de s\u00e9ances peut varier en fonction des cas et des objectifs \u00e0 atteindre<\/strong>.<\/span><\/p>\n<p style=\"text-align: left;\">\n<span style=\"text-decoration: underline;\"><span style=\"font-family: verdana, geneva, sans-serif;\"><span style=\"color: #000000; font-size: 14pt; text-decoration: underline;\">Une th\u00e9rapie par l&rsquo;hypnose ne peut en aucun cas, se substituer \u00e0 un traitement m\u00e9dical sans l&rsquo;avis de votre m\u00e9decin<\/span><strong><span style=\"color: #000000; font-size: 14pt; text-decoration: underline;\">.<\/span><\/strong><\/span><\/span><\/p>\n<p style=\"text-align: center;\"><img fetchpriority=\"high\" decoding=\"async\" class=\"alignnone wp-image-102\" src=\"https:\/\/patriciasevat.com\/wp-content\/uploads\/2019\/08\/respiration.jpg\" alt=\"Patricia SEVAT Hypnoth\u00e9rapeute \u2013 Energ\u00e9ticienne\" width=\"426\" height=\"283\" \/><\/p>\n","protected":false},"excerpt":{"rendered":"<p>Lors de la premi\u00e8re s\u00e9ance, j&rsquo;\u00e9tudie votre probl\u00e9matique (anamn\u00e8se) par un entretien. Nous retracerons ensemble l&rsquo;historique de la difficult\u00e9, ses manifestations, son impact dans votre vie de tous les jours ainsi que les m\u00e9thodes employ\u00e9es par le pass\u00e9 pour les contrer. Elle est indispensable pour comprendre exactement l&rsquo;objectif d\u00e9sir\u00e9. Ensuite je vous explique bri\u00e8vement ce &hellip; <\/p>\n<p class=\"link-more\"><a href=\"https:\/\/patriciasevat.com\/index.php\/deroulement-dune-seance\/\" class=\"more-link\">Continuer la lecture<span class=\"screen-reader-text\"> de &laquo;&nbsp;D\u00e9roulement d&rsquo;une s\u00e9ance&nbsp;&raquo;<\/span><\/a><\/p>\n","protected":false},"author":1,"featured_media":0,"parent":0,"menu_order":0,"comment_status":"closed","ping_status":"closed","template":"","meta":{"footnotes":""},"class_list":["post-81","page","type-page","status-publish","hentry"],"yoast_head":"<!-- This site is optimized with the Yoast SEO plugin v26.7 - https:\/\/yoast.com\/wordpress\/plugins\/seo\/ -->\n<title>D\u00e9roulement d&#039;une s\u00e9ance - PShYpnose<\/title>\n<meta name=\"robots\" content=\"index, follow, max-snippet:-1, max-image-preview:large, max-video-preview:-1\" \/>\n<link rel=\"canonical\" href=\"https:\/\/patriciasevat.com\/index.php\/deroulement-dune-seance\/\" \/>\n<meta property=\"og:locale\" content=\"fr_FR\" \/>\n<meta property=\"og:type\" content=\"article\" \/>\n<meta property=\"og:title\" content=\"D\u00e9roulement d&#039;une s\u00e9ance - PShYpnose\" \/>\n<meta property=\"og:description\" content=\"Lors de la premi\u00e8re s\u00e9ance, j&rsquo;\u00e9tudie votre probl\u00e9matique (anamn\u00e8se) par un entretien. Nous retracerons ensemble l&rsquo;historique de la difficult\u00e9, ses manifestations, son impact dans votre vie de tous les jours ainsi que les m\u00e9thodes employ\u00e9es par le pass\u00e9 pour les contrer. Elle est indispensable pour comprendre exactement l&rsquo;objectif d\u00e9sir\u00e9. Ensuite je vous explique bri\u00e8vement ce &hellip; Continuer la lecture de &laquo;&nbsp;D\u00e9roulement d&rsquo;une s\u00e9ance&nbsp;&raquo;\" \/>\n<meta property=\"og:url\" content=\"https:\/\/patriciasevat.com\/index.php\/deroulement-dune-seance\/\" \/>\n<meta property=\"og:site_name\" content=\"PShYpnose\" \/>\n<meta property=\"article:publisher\" content=\"https:\/\/facebook.com\/reikhypnose27\" \/>\n<meta property=\"article:modified_time\" content=\"2023-09-20T16:58:04+00:00\" \/>\n<meta property=\"og:image\" content=\"http:\/\/patriciasevat.com\/wp-content\/uploads\/2019\/08\/respiration.jpg\" \/>\n<meta name=\"twitter:card\" content=\"summary_large_image\" \/>\n<meta name=\"twitter:label1\" content=\"Dur\u00e9e de lecture estim\u00e9e\" \/>\n\t<meta name=\"twitter:data1\" content=\"2 minutes\" \/>\n<script type=\"application\/ld+json\" class=\"yoast-schema-graph\">{\"@context\":\"https:\/\/schema.org\",\"@graph\":[{\"@type\":\"WebPage\",\"@id\":\"https:\/\/patriciasevat.com\/index.php\/deroulement-dune-seance\/\",\"url\":\"https:\/\/patriciasevat.com\/index.php\/deroulement-dune-seance\/\",\"name\":\"D\u00e9roulement d'une s\u00e9ance - PShYpnose\",\"isPartOf\":{\"@id\":\"https:\/\/patriciasevat.com\/#website\"},\"primaryImageOfPage\":{\"@id\":\"https:\/\/patriciasevat.com\/index.php\/deroulement-dune-seance\/#primaryimage\"},\"image\":{\"@id\":\"https:\/\/patriciasevat.com\/index.php\/deroulement-dune-seance\/#primaryimage\"},\"thumbnailUrl\":\"http:\/\/patriciasevat.com\/wp-content\/uploads\/2019\/08\/respiration.jpg\",\"datePublished\":\"2019-08-02T16:47:01+00:00\",\"dateModified\":\"2023-09-20T16:58:04+00:00\",\"breadcrumb\":{\"@id\":\"https:\/\/patriciasevat.com\/index.php\/deroulement-dune-seance\/#breadcrumb\"},\"inLanguage\":\"fr-FR\",\"potentialAction\":[{\"@type\":\"ReadAction\",\"target\":[\"https:\/\/patriciasevat.com\/index.php\/deroulement-dune-seance\/\"]}]},{\"@type\":\"ImageObject\",\"inLanguage\":\"fr-FR\",\"@id\":\"https:\/\/patriciasevat.com\/index.php\/deroulement-dune-seance\/#primaryimage\",\"url\":\"http:\/\/patriciasevat.com\/wp-content\/uploads\/2019\/08\/respiration.jpg\",\"contentUrl\":\"http:\/\/patriciasevat.com\/wp-content\/uploads\/2019\/08\/respiration.jpg\"},{\"@type\":\"BreadcrumbList\",\"@id\":\"https:\/\/patriciasevat.com\/index.php\/deroulement-dune-seance\/#breadcrumb\",\"itemListElement\":[{\"@type\":\"ListItem\",\"position\":1,\"name\":\"Accueil\",\"item\":\"https:\/\/patriciasevat.com\/\"},{\"@type\":\"ListItem\",\"position\":2,\"name\":\"D\u00e9roulement d&rsquo;une s\u00e9ance\"}]},{\"@type\":\"WebSite\",\"@id\":\"https:\/\/patriciasevat.com\/#website\",\"url\":\"https:\/\/patriciasevat.com\/\",\"name\":\"PShYpnose\",\"description\":\"Retour \u00e0 l&#039;\u00e9quilibre et au bien-\u00eatre\",\"publisher\":{\"@id\":\"https:\/\/patriciasevat.com\/#organization\"},\"potentialAction\":[{\"@type\":\"SearchAction\",\"target\":{\"@type\":\"EntryPoint\",\"urlTemplate\":\"https:\/\/patriciasevat.com\/?s={search_term_string}\"},\"query-input\":{\"@type\":\"PropertyValueSpecification\",\"valueRequired\":true,\"valueName\":\"search_term_string\"}}],\"inLanguage\":\"fr-FR\"},{\"@type\":\"Organization\",\"@id\":\"https:\/\/patriciasevat.com\/#organization\",\"name\":\"PShYpnose\",\"url\":\"https:\/\/patriciasevat.com\/\",\"logo\":{\"@type\":\"ImageObject\",\"inLanguage\":\"fr-FR\",\"@id\":\"https:\/\/patriciasevat.com\/#\/schema\/logo\/image\/\",\"url\":\"https:\/\/patriciasevat.com\/wp-content\/uploads\/2019\/06\/cropped-29791783_2063062273931214_4745556821386304232_n-2.jpg\",\"contentUrl\":\"https:\/\/patriciasevat.com\/wp-content\/uploads\/2019\/06\/cropped-29791783_2063062273931214_4745556821386304232_n-2.jpg\",\"width\":240,\"height\":250,\"caption\":\"PShYpnose\"},\"image\":{\"@id\":\"https:\/\/patriciasevat.com\/#\/schema\/logo\/image\/\"},\"sameAs\":[\"https:\/\/facebook.com\/reikhypnose27\",\"https:\/\/instagram.com\/reikhypnose\"]}]}<\/script>\n<!-- \/ Yoast SEO plugin. -->","yoast_head_json":{"title":"D\u00e9roulement d'une s\u00e9ance - PShYpnose","robots":{"index":"index","follow":"follow","max-snippet":"max-snippet:-1","max-image-preview":"max-image-preview:large","max-video-preview":"max-video-preview:-1"},"canonical":"https:\/\/patriciasevat.com\/index.php\/deroulement-dune-seance\/","og_locale":"fr_FR","og_type":"article","og_title":"D\u00e9roulement d'une s\u00e9ance - PShYpnose","og_description":"Lors de la premi\u00e8re s\u00e9ance, j&rsquo;\u00e9tudie votre probl\u00e9matique (anamn\u00e8se) par un entretien. Nous retracerons ensemble l&rsquo;historique de la difficult\u00e9, ses manifestations, son impact dans votre vie de tous les jours ainsi que les m\u00e9thodes employ\u00e9es par le pass\u00e9 pour les contrer. Elle est indispensable pour comprendre exactement l&rsquo;objectif d\u00e9sir\u00e9. Ensuite je vous explique bri\u00e8vement ce &hellip; Continuer la lecture de &laquo;&nbsp;D\u00e9roulement d&rsquo;une s\u00e9ance&nbsp;&raquo;","og_url":"https:\/\/patriciasevat.com\/index.php\/deroulement-dune-seance\/","og_site_name":"PShYpnose","article_publisher":"https:\/\/facebook.com\/reikhypnose27","article_modified_time":"2023-09-20T16:58:04+00:00","og_image":[{"url":"http:\/\/patriciasevat.com\/wp-content\/uploads\/2019\/08\/respiration.jpg","type":"","width":"","height":""}],"twitter_card":"summary_large_image","twitter_misc":{"Dur\u00e9e de lecture estim\u00e9e":"2 minutes"},"schema":{"@context":"https:\/\/schema.org","@graph":[{"@type":"WebPage","@id":"https:\/\/patriciasevat.com\/index.php\/deroulement-dune-seance\/","url":"https:\/\/patriciasevat.com\/index.php\/deroulement-dune-seance\/","name":"D\u00e9roulement d'une s\u00e9ance - PShYpnose","isPartOf":{"@id":"https:\/\/patriciasevat.com\/#website"},"primaryImageOfPage":{"@id":"https:\/\/patriciasevat.com\/index.php\/deroulement-dune-seance\/#primaryimage"},"image":{"@id":"https:\/\/patriciasevat.com\/index.php\/deroulement-dune-seance\/#primaryimage"},"thumbnailUrl":"http:\/\/patriciasevat.com\/wp-content\/uploads\/2019\/08\/respiration.jpg","datePublished":"2019-08-02T16:47:01+00:00","dateModified":"2023-09-20T16:58:04+00:00","breadcrumb":{"@id":"https:\/\/patriciasevat.com\/index.php\/deroulement-dune-seance\/#breadcrumb"},"inLanguage":"fr-FR","potentialAction":[{"@type":"ReadAction","target":["https:\/\/patriciasevat.com\/index.php\/deroulement-dune-seance\/"]}]},{"@type":"ImageObject","inLanguage":"fr-FR","@id":"https:\/\/patriciasevat.com\/index.php\/deroulement-dune-seance\/#primaryimage","url":"http:\/\/patriciasevat.com\/wp-content\/uploads\/2019\/08\/respiration.jpg","contentUrl":"http:\/\/patriciasevat.com\/wp-content\/uploads\/2019\/08\/respiration.jpg"},{"@type":"BreadcrumbList","@id":"https:\/\/patriciasevat.com\/index.php\/deroulement-dune-seance\/#breadcrumb","itemListElement":[{"@type":"ListItem","position":1,"name":"Accueil","item":"https:\/\/patriciasevat.com\/"},{"@type":"ListItem","position":2,"name":"D\u00e9roulement d&rsquo;une s\u00e9ance"}]},{"@type":"WebSite","@id":"https:\/\/patriciasevat.com\/#website","url":"https:\/\/patriciasevat.com\/","name":"PShYpnose","description":"Retour \u00e0 l&#039;\u00e9quilibre et au bien-\u00eatre","publisher":{"@id":"https:\/\/patriciasevat.com\/#organization"},"potentialAction":[{"@type":"SearchAction","target":{"@type":"EntryPoint","urlTemplate":"https:\/\/patriciasevat.com\/?s={search_term_string}"},"query-input":{"@type":"PropertyValueSpecification","valueRequired":true,"valueName":"search_term_string"}}],"inLanguage":"fr-FR"},{"@type":"Organization","@id":"https:\/\/patriciasevat.com\/#organization","name":"PShYpnose","url":"https:\/\/patriciasevat.com\/","logo":{"@type":"ImageObject","inLanguage":"fr-FR","@id":"https:\/\/patriciasevat.com\/#\/schema\/logo\/image\/","url":"https:\/\/patriciasevat.com\/wp-content\/uploads\/2019\/06\/cropped-29791783_2063062273931214_4745556821386304232_n-2.jpg","contentUrl":"https:\/\/patriciasevat.com\/wp-content\/uploads\/2019\/06\/cropped-29791783_2063062273931214_4745556821386304232_n-2.jpg","width":240,"height":250,"caption":"PShYpnose"},"image":{"@id":"https:\/\/patriciasevat.com\/#\/schema\/logo\/image\/"},"sameAs":["https:\/\/facebook.com\/reikhypnose27","https:\/\/instagram.com\/reikhypnose"]}]}},"_links":{"self":[{"href":"https:\/\/patriciasevat.com\/index.php\/wp-json\/wp\/v2\/pages\/81","targetHints":{"allow":["GET"]}}],"collection":[{"href":"https:\/\/patriciasevat.com\/index.php\/wp-json\/wp\/v2\/pages"}],"about":[{"href":"https:\/\/patriciasevat.com\/index.php\/wp-json\/wp\/v2\/types\/page"}],"author":[{"embeddable":true,"href":"https:\/\/patriciasevat.com\/index.php\/wp-json\/wp\/v2\/users\/1"}],"replies":[{"embeddable":true,"href":"https:\/\/patriciasevat.com\/index.php\/wp-json\/wp\/v2\/comments?post=81"}],"version-history":[{"count":11,"href":"https:\/\/patriciasevat.com\/index.php\/wp-json\/wp\/v2\/pages\/81\/revisions"}],"predecessor-version":[{"id":302,"href":"https:\/\/patriciasevat.com\/index.php\/wp-json\/wp\/v2\/pages\/81\/revisions\/302"}],"wp:attachment":[{"href":"https:\/\/patriciasevat.com\/index.php\/wp-json\/wp\/v2\/media?parent=81"}],"curies":[{"name":"wp","href":"https:\/\/api.w.org\/{rel}","templated":true}]}}