{"id":63,"date":"2019-08-01T18:32:49","date_gmt":"2019-08-01T16:32:49","guid":{"rendered":"http:\/\/patriciasevat.com\/?page_id=63"},"modified":"2023-09-20T18:07:47","modified_gmt":"2023-09-20T16:07:47","slug":"pourquoi-consulter","status":"publish","type":"page","link":"https:\/\/patriciasevat.com\/index.php\/pourquoi-consulter\/","title":{"rendered":"Pourquoi consulter ?"},"content":{"rendered":"<p><span style=\"font-family: verdana, geneva, sans-serif; font-size: 14pt;\">L&rsquo;hypnose est un (r\u00e9)apprentissage de notre inconscient (psych\u00e9) qui \u00e9chappe au conscient.<\/span><br \/>\n<span style=\"font-family: verdana, geneva, sans-serif; font-size: 14pt;\">Elle permet \u00e0 la partie inconsciente de lib\u00e9rer le potentiel de ressources \u00e0 l&rsquo;int\u00e9rieur de nous, que nous ignorons souvent et qui pourtant est r\u00e9ellement pr\u00e9sent en chacun de nous, afin de lui soumettre d&rsquo;autres fa\u00e7ons d&rsquo;agir pour notre bien-\u00eatre.<\/span><\/p>\n<p><span style=\"font-family: verdana, geneva, sans-serif; font-size: 14pt;\">L&rsquo;hypnose th\u00e9rapeutique est une d\u00e9marche d&rsquo;accompagnement des sujets \u00e0 r\u00e9gler les probl\u00e8mes qu&rsquo;ils se sont inflig\u00e9s eux-m\u00eames consciemment ou inconsciemment. <\/span><\/p>\n<p><span style=\"font-family: verdana, geneva, sans-serif; font-size: 14pt;\">Et cette th\u00e9rapie leur permet de reprendre confiance en eux, de contr\u00f4ler leurs \u00e9motions, leur stress, d&rsquo;effacer leurs phobies, leur angoisse, leurs addictions&#8230; etc<\/span><\/p>\n<p><span style=\"font-family: helvetica,arial,sans-serif;\"><img fetchpriority=\"high\" decoding=\"async\" class=\"wp-image-98 alignright\" src=\"https:\/\/patriciasevat.com\/wp-content\/uploads\/2019\/08\/cigarette-casse\u0301e.jpeg\" alt=\"\" width=\"286\" height=\"190\" \/><\/span><\/p>\n<p><img decoding=\"async\" class=\"wp-image-99 alignleft\" src=\"https:\/\/patriciasevat.com\/wp-content\/uploads\/2019\/08\/balancehelp.jpeg\" alt=\"\" width=\"251\" height=\"188\" \/><\/p>\n<p>&nbsp;<\/p>\n<p>&nbsp;<\/p>\n<p>&nbsp;<\/p>\n<p>&nbsp;<\/p>\n<p>&nbsp;<\/p>\n<p><span style=\"font-family: verdana, geneva, sans-serif; font-size: 14pt;\">L&rsquo;hypnose aide la personne \u00e0 retrouver une place dans sa vie. C&rsquo;est une communication entre soi et soi. Nous devons vivre notre vie du mieux que l&rsquo;on peut en retrouvant notre \u00e9quilibre.<\/span><\/p>\n<p><span style=\"font-size: 18pt;\"><b><span lang=\"fr\" style=\"margin: 0px; color: red; font-family: 'Cambria Math',serif;\">Ce que soigne l&rsquo;hypnose&#8230;<\/span><\/b><\/span><\/p>\n<p><span lang=\"fr\" style=\"margin: 0px; font-family: verdana, geneva, sans-serif; font-size: 14pt;\"><span style=\"color: #000000;\"><strong>Troubles de comportement<\/strong> : stress, anxi\u00e9t\u00e9, manque de confiance, manque d&rsquo;estime de soi, d\u00e9prime,&#8230;<\/span><\/span><\/p>\n<p><span lang=\"fr\" style=\"margin: 0px; font-family: verdana, geneva, sans-serif; font-size: 14pt;\"><span style=\"color: #000000;\"><strong>Troubles obsessionnels<\/strong> : manies, TOC, d\u00e9pendances diverses, tabac,&#8230;<\/span><\/span><\/p>\n<p><span style=\"font-family: verdana, geneva, sans-serif; font-size: 14pt;\"><span lang=\"fr\" style=\"margin: 0px;\"><span style=\"color: #000000;\"><strong>Troubles li\u00e9s \u00e0 des traumatismes<\/strong> : phobi<\/span><\/span><span lang=\"fr\" style=\"margin: 0px;\"><span style=\"color: #000000;\">es, peurs, deuils,&#8230; <\/span><\/span><\/span><\/p>\n<p><span lang=\"fr\" style=\"margin: 0px; font-family: verdana, geneva, sans-serif; font-size: 14pt;\"><span style=\"color: #000000;\"><strong>Troubles physiologiques<\/strong> : migraines, douleurs diverses,&#8230;<\/span><\/span><\/p>\n<p><span lang=\"fr\" style=\"margin: 0px; font-family: verdana, geneva, sans-serif; font-size: 14pt;\"><span style=\"color: #000000;\"><strong>Troubles des rythmes biologiques<\/strong> : sommeil, \u00e9nur\u00e9sie,&#8230; <\/span><\/span><\/p>\n<p><span lang=\"fr\" style=\"margin: 0px; font-family: verdana, geneva, sans-serif; color: #000000; font-size: 14pt;\">Accompagnement en p\u00e9riode de s\u00e9paration, deuil, ch\u00f4mage,&#8230;.<\/span><\/p>\n<p><span style=\"font-family: verdana, geneva, sans-serif; color: #000000; font-size: 14pt;\">Allergies, probl\u00e8mes de peau,&#8230;<\/span><\/p>\n<p><span style=\"font-family: verdana, geneva, sans-serif; color: #000000; font-size: 14pt;\">Performance cr\u00e9ative ou sportive,&#8230; <\/span><\/p>\n<p><span style=\"font-family: verdana, geneva, sans-serif; font-size: 14pt;\"><span lang=\"fr\" style=\"margin: 0px;\"><span style=\"color: #000000;\">Troubles d<\/span><\/span><span lang=\"fr\" style=\"margin: 0px;\"><span style=\"color: #000000;\">e l&rsquo;app\u00e9tit et de l&rsquo;alimentation,&#8230;<\/span><\/span><\/span><\/p>\n<p><span style=\"font-family: verdana, geneva, sans-serif; font-size: 14pt;\">\u00a0 <\/span><\/p>\n<p><img decoding=\"async\" class=\"wp-image-169 aligncenter\" src=\"https:\/\/patriciasevat.com\/wp-content\/uploads\/2019\/10\/poids-300x225.jpg\" alt=\"Perte de poids\" width=\"445\" height=\"334\" srcset=\"https:\/\/patriciasevat.com\/wp-content\/uploads\/2019\/10\/poids-300x225.jpg 300w, https:\/\/patriciasevat.com\/wp-content\/uploads\/2019\/10\/poids-768x576.jpg 768w, https:\/\/patriciasevat.com\/wp-content\/uploads\/2019\/10\/poids.jpg 1024w\" sizes=\"(max-width: 445px) 100vw, 445px\" \/><\/p>\n<p>&nbsp;<\/p>\n<p>&nbsp;<\/p>\n<p>&nbsp;<\/p>\n<p>&nbsp;<\/p>\n","protected":false},"excerpt":{"rendered":"<p>L&rsquo;hypnose est un (r\u00e9)apprentissage de notre inconscient (psych\u00e9) qui \u00e9chappe au conscient. Elle permet \u00e0 la partie inconsciente de lib\u00e9rer le potentiel de ressources \u00e0 l&rsquo;int\u00e9rieur de nous, que nous ignorons souvent et qui pourtant est r\u00e9ellement pr\u00e9sent en chacun de nous, afin de lui soumettre d&rsquo;autres fa\u00e7ons d&rsquo;agir pour notre bien-\u00eatre. L&rsquo;hypnose th\u00e9rapeutique est &hellip; <\/p>\n<p class=\"link-more\"><a href=\"https:\/\/patriciasevat.com\/index.php\/pourquoi-consulter\/\" class=\"more-link\">Continuer la lecture<span class=\"screen-reader-text\"> de &laquo;&nbsp;Pourquoi consulter ?&nbsp;&raquo;<\/span><\/a><\/p>\n","protected":false},"author":1,"featured_media":0,"parent":0,"menu_order":0,"comment_status":"closed","ping_status":"closed","template":"","meta":{"footnotes":""},"class_list":["post-63","page","type-page","status-publish","hentry"],"yoast_head":"<!-- This site is optimized with the Yoast SEO plugin v26.7 - https:\/\/yoast.com\/wordpress\/plugins\/seo\/ -->\n<title>Pourquoi consulter ? - PShYpnose<\/title>\n<meta name=\"robots\" content=\"index, follow, max-snippet:-1, max-image-preview:large, max-video-preview:-1\" \/>\n<link rel=\"canonical\" href=\"https:\/\/patriciasevat.com\/index.php\/pourquoi-consulter\/\" \/>\n<meta property=\"og:locale\" content=\"fr_FR\" \/>\n<meta property=\"og:type\" content=\"article\" \/>\n<meta property=\"og:title\" content=\"Pourquoi consulter ? - PShYpnose\" \/>\n<meta property=\"og:description\" content=\"L&rsquo;hypnose est un (r\u00e9)apprentissage de notre inconscient (psych\u00e9) qui \u00e9chappe au conscient. Elle permet \u00e0 la partie inconsciente de lib\u00e9rer le potentiel de ressources \u00e0 l&rsquo;int\u00e9rieur de nous, que nous ignorons souvent et qui pourtant est r\u00e9ellement pr\u00e9sent en chacun de nous, afin de lui soumettre d&rsquo;autres fa\u00e7ons d&rsquo;agir pour notre bien-\u00eatre. L&rsquo;hypnose th\u00e9rapeutique est &hellip; Continuer la lecture de &laquo;&nbsp;Pourquoi consulter ?&nbsp;&raquo;\" \/>\n<meta property=\"og:url\" content=\"https:\/\/patriciasevat.com\/index.php\/pourquoi-consulter\/\" \/>\n<meta property=\"og:site_name\" content=\"PShYpnose\" \/>\n<meta property=\"article:publisher\" content=\"https:\/\/facebook.com\/reikhypnose27\" \/>\n<meta property=\"article:modified_time\" content=\"2023-09-20T16:07:47+00:00\" \/>\n<meta property=\"og:image\" content=\"http:\/\/patriciasevat.com\/wp-content\/uploads\/2019\/08\/balancehelp.jpeg\" \/>\n<meta name=\"twitter:card\" content=\"summary_large_image\" \/>\n<meta name=\"twitter:label1\" content=\"Dur\u00e9e de lecture estim\u00e9e\" \/>\n\t<meta name=\"twitter:data1\" content=\"1 minute\" \/>\n<script type=\"application\/ld+json\" class=\"yoast-schema-graph\">{\"@context\":\"https:\/\/schema.org\",\"@graph\":[{\"@type\":\"WebPage\",\"@id\":\"https:\/\/patriciasevat.com\/index.php\/pourquoi-consulter\/\",\"url\":\"https:\/\/patriciasevat.com\/index.php\/pourquoi-consulter\/\",\"name\":\"Pourquoi consulter ? - PShYpnose\",\"isPartOf\":{\"@id\":\"https:\/\/patriciasevat.com\/#website\"},\"primaryImageOfPage\":{\"@id\":\"https:\/\/patriciasevat.com\/index.php\/pourquoi-consulter\/#primaryimage\"},\"image\":{\"@id\":\"https:\/\/patriciasevat.com\/index.php\/pourquoi-consulter\/#primaryimage\"},\"thumbnailUrl\":\"http:\/\/patriciasevat.com\/wp-content\/uploads\/2019\/08\/balancehelp.jpeg\",\"datePublished\":\"2019-08-01T16:32:49+00:00\",\"dateModified\":\"2023-09-20T16:07:47+00:00\",\"breadcrumb\":{\"@id\":\"https:\/\/patriciasevat.com\/index.php\/pourquoi-consulter\/#breadcrumb\"},\"inLanguage\":\"fr-FR\",\"potentialAction\":[{\"@type\":\"ReadAction\",\"target\":[\"https:\/\/patriciasevat.com\/index.php\/pourquoi-consulter\/\"]}]},{\"@type\":\"ImageObject\",\"inLanguage\":\"fr-FR\",\"@id\":\"https:\/\/patriciasevat.com\/index.php\/pourquoi-consulter\/#primaryimage\",\"url\":\"http:\/\/patriciasevat.com\/wp-content\/uploads\/2019\/08\/balancehelp.jpeg\",\"contentUrl\":\"http:\/\/patriciasevat.com\/wp-content\/uploads\/2019\/08\/balancehelp.jpeg\"},{\"@type\":\"BreadcrumbList\",\"@id\":\"https:\/\/patriciasevat.com\/index.php\/pourquoi-consulter\/#breadcrumb\",\"itemListElement\":[{\"@type\":\"ListItem\",\"position\":1,\"name\":\"Accueil\",\"item\":\"https:\/\/patriciasevat.com\/\"},{\"@type\":\"ListItem\",\"position\":2,\"name\":\"Pourquoi consulter ?\"}]},{\"@type\":\"WebSite\",\"@id\":\"https:\/\/patriciasevat.com\/#website\",\"url\":\"https:\/\/patriciasevat.com\/\",\"name\":\"PShYpnose\",\"description\":\"Retour \u00e0 l&#039;\u00e9quilibre et au bien-\u00eatre\",\"publisher\":{\"@id\":\"https:\/\/patriciasevat.com\/#organization\"},\"potentialAction\":[{\"@type\":\"SearchAction\",\"target\":{\"@type\":\"EntryPoint\",\"urlTemplate\":\"https:\/\/patriciasevat.com\/?s={search_term_string}\"},\"query-input\":{\"@type\":\"PropertyValueSpecification\",\"valueRequired\":true,\"valueName\":\"search_term_string\"}}],\"inLanguage\":\"fr-FR\"},{\"@type\":\"Organization\",\"@id\":\"https:\/\/patriciasevat.com\/#organization\",\"name\":\"PShYpnose\",\"url\":\"https:\/\/patriciasevat.com\/\",\"logo\":{\"@type\":\"ImageObject\",\"inLanguage\":\"fr-FR\",\"@id\":\"https:\/\/patriciasevat.com\/#\/schema\/logo\/image\/\",\"url\":\"https:\/\/patriciasevat.com\/wp-content\/uploads\/2019\/06\/cropped-29791783_2063062273931214_4745556821386304232_n-2.jpg\",\"contentUrl\":\"https:\/\/patriciasevat.com\/wp-content\/uploads\/2019\/06\/cropped-29791783_2063062273931214_4745556821386304232_n-2.jpg\",\"width\":240,\"height\":250,\"caption\":\"PShYpnose\"},\"image\":{\"@id\":\"https:\/\/patriciasevat.com\/#\/schema\/logo\/image\/\"},\"sameAs\":[\"https:\/\/facebook.com\/reikhypnose27\",\"https:\/\/instagram.com\/reikhypnose\"]}]}<\/script>\n<!-- \/ Yoast SEO plugin. -->","yoast_head_json":{"title":"Pourquoi consulter ? - PShYpnose","robots":{"index":"index","follow":"follow","max-snippet":"max-snippet:-1","max-image-preview":"max-image-preview:large","max-video-preview":"max-video-preview:-1"},"canonical":"https:\/\/patriciasevat.com\/index.php\/pourquoi-consulter\/","og_locale":"fr_FR","og_type":"article","og_title":"Pourquoi consulter ? - PShYpnose","og_description":"L&rsquo;hypnose est un (r\u00e9)apprentissage de notre inconscient (psych\u00e9) qui \u00e9chappe au conscient. Elle permet \u00e0 la partie inconsciente de lib\u00e9rer le potentiel de ressources \u00e0 l&rsquo;int\u00e9rieur de nous, que nous ignorons souvent et qui pourtant est r\u00e9ellement pr\u00e9sent en chacun de nous, afin de lui soumettre d&rsquo;autres fa\u00e7ons d&rsquo;agir pour notre bien-\u00eatre. L&rsquo;hypnose th\u00e9rapeutique est &hellip; Continuer la lecture de &laquo;&nbsp;Pourquoi consulter ?&nbsp;&raquo;","og_url":"https:\/\/patriciasevat.com\/index.php\/pourquoi-consulter\/","og_site_name":"PShYpnose","article_publisher":"https:\/\/facebook.com\/reikhypnose27","article_modified_time":"2023-09-20T16:07:47+00:00","og_image":[{"url":"http:\/\/patriciasevat.com\/wp-content\/uploads\/2019\/08\/balancehelp.jpeg","type":"","width":"","height":""}],"twitter_card":"summary_large_image","twitter_misc":{"Dur\u00e9e de lecture estim\u00e9e":"1 minute"},"schema":{"@context":"https:\/\/schema.org","@graph":[{"@type":"WebPage","@id":"https:\/\/patriciasevat.com\/index.php\/pourquoi-consulter\/","url":"https:\/\/patriciasevat.com\/index.php\/pourquoi-consulter\/","name":"Pourquoi consulter ? - PShYpnose","isPartOf":{"@id":"https:\/\/patriciasevat.com\/#website"},"primaryImageOfPage":{"@id":"https:\/\/patriciasevat.com\/index.php\/pourquoi-consulter\/#primaryimage"},"image":{"@id":"https:\/\/patriciasevat.com\/index.php\/pourquoi-consulter\/#primaryimage"},"thumbnailUrl":"http:\/\/patriciasevat.com\/wp-content\/uploads\/2019\/08\/balancehelp.jpeg","datePublished":"2019-08-01T16:32:49+00:00","dateModified":"2023-09-20T16:07:47+00:00","breadcrumb":{"@id":"https:\/\/patriciasevat.com\/index.php\/pourquoi-consulter\/#breadcrumb"},"inLanguage":"fr-FR","potentialAction":[{"@type":"ReadAction","target":["https:\/\/patriciasevat.com\/index.php\/pourquoi-consulter\/"]}]},{"@type":"ImageObject","inLanguage":"fr-FR","@id":"https:\/\/patriciasevat.com\/index.php\/pourquoi-consulter\/#primaryimage","url":"http:\/\/patriciasevat.com\/wp-content\/uploads\/2019\/08\/balancehelp.jpeg","contentUrl":"http:\/\/patriciasevat.com\/wp-content\/uploads\/2019\/08\/balancehelp.jpeg"},{"@type":"BreadcrumbList","@id":"https:\/\/patriciasevat.com\/index.php\/pourquoi-consulter\/#breadcrumb","itemListElement":[{"@type":"ListItem","position":1,"name":"Accueil","item":"https:\/\/patriciasevat.com\/"},{"@type":"ListItem","position":2,"name":"Pourquoi consulter ?"}]},{"@type":"WebSite","@id":"https:\/\/patriciasevat.com\/#website","url":"https:\/\/patriciasevat.com\/","name":"PShYpnose","description":"Retour \u00e0 l&#039;\u00e9quilibre et au bien-\u00eatre","publisher":{"@id":"https:\/\/patriciasevat.com\/#organization"},"potentialAction":[{"@type":"SearchAction","target":{"@type":"EntryPoint","urlTemplate":"https:\/\/patriciasevat.com\/?s={search_term_string}"},"query-input":{"@type":"PropertyValueSpecification","valueRequired":true,"valueName":"search_term_string"}}],"inLanguage":"fr-FR"},{"@type":"Organization","@id":"https:\/\/patriciasevat.com\/#organization","name":"PShYpnose","url":"https:\/\/patriciasevat.com\/","logo":{"@type":"ImageObject","inLanguage":"fr-FR","@id":"https:\/\/patriciasevat.com\/#\/schema\/logo\/image\/","url":"https:\/\/patriciasevat.com\/wp-content\/uploads\/2019\/06\/cropped-29791783_2063062273931214_4745556821386304232_n-2.jpg","contentUrl":"https:\/\/patriciasevat.com\/wp-content\/uploads\/2019\/06\/cropped-29791783_2063062273931214_4745556821386304232_n-2.jpg","width":240,"height":250,"caption":"PShYpnose"},"image":{"@id":"https:\/\/patriciasevat.com\/#\/schema\/logo\/image\/"},"sameAs":["https:\/\/facebook.com\/reikhypnose27","https:\/\/instagram.com\/reikhypnose"]}]}},"_links":{"self":[{"href":"https:\/\/patriciasevat.com\/index.php\/wp-json\/wp\/v2\/pages\/63","targetHints":{"allow":["GET"]}}],"collection":[{"href":"https:\/\/patriciasevat.com\/index.php\/wp-json\/wp\/v2\/pages"}],"about":[{"href":"https:\/\/patriciasevat.com\/index.php\/wp-json\/wp\/v2\/types\/page"}],"author":[{"embeddable":true,"href":"https:\/\/patriciasevat.com\/index.php\/wp-json\/wp\/v2\/users\/1"}],"replies":[{"embeddable":true,"href":"https:\/\/patriciasevat.com\/index.php\/wp-json\/wp\/v2\/comments?post=63"}],"version-history":[{"count":16,"href":"https:\/\/patriciasevat.com\/index.php\/wp-json\/wp\/v2\/pages\/63\/revisions"}],"predecessor-version":[{"id":290,"href":"https:\/\/patriciasevat.com\/index.php\/wp-json\/wp\/v2\/pages\/63\/revisions\/290"}],"wp:attachment":[{"href":"https:\/\/patriciasevat.com\/index.php\/wp-json\/wp\/v2\/media?parent=63"}],"curies":[{"name":"wp","href":"https:\/\/api.w.org\/{rel}","templated":true}]}}