{"id":41,"date":"2019-08-01T17:18:58","date_gmt":"2019-08-01T15:18:58","guid":{"rendered":"http:\/\/patriciasevat.com\/?page_id=41"},"modified":"2023-09-20T17:28:04","modified_gmt":"2023-09-20T15:28:04","slug":"quest-que-lhypnose","status":"publish","type":"page","link":"https:\/\/patriciasevat.com\/index.php\/quest-que-lhypnose\/","title":{"rendered":"Qu&rsquo;est-ce que l&rsquo;hypnose ?"},"content":{"rendered":"<p style=\"text-align: left;\"><span style=\"font-size: 14pt; font-family: helvetica, arial, sans-serif;\"><em><span style=\"color: #000000;\">Le mot hypnose nous provient de la mythologie grecque. Il fait r\u00e9f\u00e9rence \u00e0 \u00ab\u00a0Hypnos\u00a0\u00bb le dieu du sommeil. Cependant, l&rsquo;hypnose est \u00ab\u00a0un \u00e9tat de conscience modifi\u00e9\u00a0\u00bb qui n&rsquo;a rien \u00e0 voir avec le sommeil. Cet \u00e9tat est naturel\u00a0 (nous le vivons plusieurs fois par jour) et il permet \u00e0 notre inconscient de trouver toutes les ressources n\u00e9cessaires afin de changer quelquechose en nous que nous ne parvenons pas a faire de mani\u00e8re consciente.<\/span><\/em><\/span><\/p>\n<p><span style=\"color: #000080; font-family: helvetica,arial,sans-serif;\"><strong><em><span style=\"color: #022a7a; font-family: tahoma, arial, helvetica, sans-serif; font-size: 18pt;\">Qu&rsquo;est-ce que l&rsquo;hypnose Ericksonienne ?<\/span><img decoding=\"async\" class=\" wp-image-96 alignright\" src=\"https:\/\/patriciasevat.com\/wp-content\/uploads\/2019\/08\/MiltonErickson.jpeg\" alt=\"\" width=\"158\" height=\"215\" data-wp-editing=\"1\" \/><\/em><\/strong><\/span><\/p>\n<p><span style=\"color: #000000; font-family: helvetica, arial, sans-serif; font-size: 14pt;\">C&rsquo;est <strong>Milton ERICKSON<\/strong><span style=\"text-align: left; text-transform: none; text-indent: 0px; letter-spacing: normal; font-style: normal; font-variant: normal; font-weight: 400; text-decoration: none; word-spacing: 0px; white-space: normal; orphans: 2; float: none; -webkit-text-stroke-width: 0px; background-color: transparent; display: inline !important;\"> (1901-1980), <\/span>docteur et psychiatre am\u00e9ricain qui donna naissance \u00e0 cette forme d&rsquo;hypnose, qu&rsquo;il nomma technique d&rsquo;hypnose th\u00e9rapeutique. Cette th\u00e9rapie rentre dans le cadre des th\u00e9rapies br\u00e8ves, c&rsquo;est \u00e0 dire oppos\u00e9e \u00e0 une th\u00e9rapie classique,comme la psychoth\u00e9rapie par exemple, qui peut durer plusieurs mois, voire plusieurs ann\u00e9es.<\/span><\/p>\n<p><span style=\"font-family: helvetica, arial, sans-serif; font-size: 14pt;\"><span style=\"color: #b00000;\">I<span style=\"margin: 0px; color: black; font-family: Arial, sans-serif;\">l a r\u00e9volutionn\u00e9 le monde de l\u2019hypnose car il pratiquait un type d\u2019hypnose tr\u00e8s douce et subtile, plus humaine et adapt\u00e9e \u00e0 chaque personne. L\u2019\u00e9tat obtenu est ainsi plus profond permettant un travail et un r\u00e9sultat plus efficaces. C\u2019est ce que l\u2019on nomme \u00e9galement hypnose indirecte, permissive ou conversationnelle.<\/span><\/span><\/span><\/p>\n<p><span style=\"margin: 0px; color: black; font-family: helvetica, arial, sans-serif; font-size: 14pt;\">L\u2019approche de l\u2019hypnose Ericksonienne est bas\u00e9e sur la coop\u00e9ration entre le conscient et l\u2019inconscient. L\u2019accompagnement est sur un principe de th\u00e9rapie br\u00e8ve (de trois \u00e0 dix s\u00e9ances).<\/span><\/p>\n<p><span style=\"margin: 0px; color: black; font-family: Arial, sans-serif; font-size: 14pt;\"><span style=\"font-family: helvetica,arial,sans-serif;\">Milton Erickson partait du principe que notre\u00a0<b>Inconscient<\/b>\u00a0est une r\u00e9serve incroyable de\u00a0<b>ressources<\/b>, et que chaque personne a toutes les ressources qu\u2019il lui faut. Ce sont nos exp\u00e9riences, y compris celles dont nous ne nous souvenons pas, avec toutes les sensations et les \u00e9motions que nous avons ressenties.<\/span><br \/>\n<span style=\"font-family: helvetica,arial,sans-serif;\">En \u00e9tat de transe hypnotique, l\u2019acc\u00e8s \u00e0 ce r\u00e9servoir incroyable de ressources que nous poss\u00e9dons tous au plus profond de nous-m\u00eame est facilit\u00e9. Ces ressources vont pouvoir nous aider pour r\u00e9soudre nos difficult\u00e9s pr\u00e9sentes. Cette puissance de l\u2019inconscient, qui est profond\u00e9ment bienveillant, est \u00e0 notre service.<\/span><\/span><\/p>\n<p><span style=\"color: #022a7a; font-family: tahoma, arial, helvetica, sans-serif; font-size: 18pt;\"><strong><em>Comment agit l&rsquo;hypnose ?<\/em><\/strong><\/span><\/p>\n<p><span style=\"color: #000000; font-family: helvetica, arial, sans-serif; font-size: 14pt;\">Notre cerveau est compos\u00e9 de deux\u00a0 parties, l\u2019une consciente, l\u2019autre partie inconsciente qui g\u00e8re notre vie, nos comportements, nos \u00e9motions, nos apprentissages, notre m\u00e9moire, notre d\u00e9veloppement et notre survie.<\/span><br \/>\n<span style=\"color: #000000; font-family: helvetica, arial, sans-serif; font-size: 14pt;\">Pour pouvoir communiquer avec notre inconscient celui-ci d\u00e9veloppe un \u00e9tat que l&rsquo;on nomme la \u00ab\u00a0transe\u00a0\u00bb. C&rsquo;est un ph\u00e9nom\u00e8ne naturel que l&rsquo;on vit plusieurs fois par jour, comme quand on est dans la \u00ablune\u00bb, <span style=\"text-align: left; text-transform: none; text-indent: 0px; letter-spacing: normal; font-style: normal; font-variant: normal; font-weight: 400; text-decoration: none; word-spacing: 0px; white-space: normal; orphans: 2; float: none; -webkit-text-stroke-width: 0px; background-color: transparent; display: inline !important;\">que l&rsquo;on a loup\u00e9 la sortie de l&rsquo;autoroute car nous \u00e9tions perdus dans nos pens\u00e9es\u2026 q<\/span>uand on est absorb\u00e9 par un livre ou m\u00eame un film &#8230;vous \u00eates vous d\u00e9j\u00e0 demand\u00e9 comment se fait-il que l&rsquo;on pleure parfois en regardant une sc\u00e8ne alors que l&rsquo;\u00e9motion ressentie est celle du personnage et pas la n\u00f4tre ? Il s&rsquo;agit bien l\u00e0 d&rsquo;une transe hypnotique.<\/span><\/p>\n<p><span style=\"color: #022a7a; font-family: tahoma, arial, helvetica, sans-serif; font-size: 18pt;\"><strong><em>Quel est le r\u00f4le du th\u00e9rapeute ?<\/em><\/strong><\/span><\/p>\n<p><span style=\"font-family: helvetica, arial, sans-serif; font-size: 14pt;\">L\u2019hypnoth\u00e9rapeute guide et accompagne\u00a0 dans le respect du consultant vers cet \u00e9tat particulier afin de mobiliser toutes ses ressources pour obtenir le changement souhait\u00e9.<\/span><\/p>\n<p><span style=\"color: #000000; font-family: helvetica, arial, sans-serif; font-size: 14pt;\">La th\u00e9rapie par l&rsquo;hypnose consiste \u00e0 provoquer cet \u00e9tat modifi\u00e9 de conscience et \u00e0 mettre notre \u00e9tat de conscience de c\u00f4t\u00e9. La <strong>transe<\/strong> fait partie de notre vie psychique. Il arrive dans la vie, qu\u2019apparaissent des troubles physiques et\/ou psychiques qui nous emp\u00eachent d&rsquo;avancer par des comportements, des pens\u00e9es, etc.<\/span><br \/>\n<span style=\"color: #000000; font-family: helvetica, arial, sans-serif; font-size: 14pt;\">Le r\u00f4le de l\u2019hypnoth\u00e9rapeute est de rechercher la ou les causes, pour les transformer positivement ou les att\u00e9nuer.<\/span><\/p>\n<p><span style=\"color: #022a7a; font-family: tahoma, arial, helvetica, sans-serif; font-size: 18pt;\"><em><strong>Suis-je hypnotisable ?<\/strong><\/em><\/span><\/p>\n<p><span style=\"color: #000000; font-family: helvetica, arial, sans-serif; font-size: 14pt;\"><strong><span style=\"font-size: 18pt;\">Oui !<\/span><\/strong> Effectivement chacun de nous est hypnotisable puisque nous le faisons naturellement tout au long de la journ\u00e9e, les enfants aussi. Certaines personnes sont plus r\u00e9sistantes aux suggestions que d&rsquo;autres, consciemment ou inconsciemment.<\/span><br \/>\n<span style=\"color: #000000; font-family: helvetica, arial, sans-serif; font-size: 14pt;\">Le d\u00e9sir d&rsquo;avancer est n\u00e9cessaire \u00e0 sa r\u00e9ussite comme toute th\u00e9rapie.<\/span><\/p>\n<p>&nbsp;<\/p>\n<p style=\"text-align: center;\"><iframe src=\"\/\/www.youtube.com\/embed\/uAxvqYehG38\" width=\"560\" height=\"315\" frameborder=\"0\" allowfullscreen=\"allowfullscreen\"><\/iframe><\/p>\n<p>&nbsp;<\/p>\n<p>&nbsp;<\/p>\n","protected":false},"excerpt":{"rendered":"<p>Le mot hypnose nous provient de la mythologie grecque. Il fait r\u00e9f\u00e9rence \u00e0 \u00ab\u00a0Hypnos\u00a0\u00bb le dieu du sommeil. Cependant, l&rsquo;hypnose est \u00ab\u00a0un \u00e9tat de conscience modifi\u00e9\u00a0\u00bb qui n&rsquo;a rien \u00e0 voir avec le sommeil. Cet \u00e9tat est naturel\u00a0 (nous le vivons plusieurs fois par jour) et il permet \u00e0 notre inconscient de trouver toutes les &hellip; <\/p>\n<p class=\"link-more\"><a href=\"https:\/\/patriciasevat.com\/index.php\/quest-que-lhypnose\/\" class=\"more-link\">Continuer la lecture<span class=\"screen-reader-text\"> de &laquo;&nbsp;Qu&rsquo;est-ce que l&rsquo;hypnose ?&nbsp;&raquo;<\/span><\/a><\/p>\n","protected":false},"author":1,"featured_media":0,"parent":0,"menu_order":0,"comment_status":"closed","ping_status":"closed","template":"","meta":{"footnotes":""},"class_list":["post-41","page","type-page","status-publish","hentry"],"yoast_head":"<!-- This site is optimized with the Yoast SEO plugin v26.7 - https:\/\/yoast.com\/wordpress\/plugins\/seo\/ -->\n<title>Qu&#039;est-ce que l&#039;hypnose ? - PShYpnose<\/title>\n<meta name=\"robots\" content=\"index, follow, max-snippet:-1, max-image-preview:large, max-video-preview:-1\" \/>\n<link rel=\"canonical\" href=\"https:\/\/patriciasevat.com\/index.php\/quest-que-lhypnose\/\" \/>\n<meta property=\"og:locale\" content=\"fr_FR\" \/>\n<meta property=\"og:type\" content=\"article\" \/>\n<meta property=\"og:title\" content=\"Qu&#039;est-ce que l&#039;hypnose ? - PShYpnose\" \/>\n<meta property=\"og:description\" content=\"Le mot hypnose nous provient de la mythologie grecque. Il fait r\u00e9f\u00e9rence \u00e0 \u00ab\u00a0Hypnos\u00a0\u00bb le dieu du sommeil. Cependant, l&rsquo;hypnose est \u00ab\u00a0un \u00e9tat de conscience modifi\u00e9\u00a0\u00bb qui n&rsquo;a rien \u00e0 voir avec le sommeil. Cet \u00e9tat est naturel\u00a0 (nous le vivons plusieurs fois par jour) et il permet \u00e0 notre inconscient de trouver toutes les &hellip; Continuer la lecture de &laquo;&nbsp;Qu&rsquo;est-ce que l&rsquo;hypnose ?&nbsp;&raquo;\" \/>\n<meta property=\"og:url\" content=\"https:\/\/patriciasevat.com\/index.php\/quest-que-lhypnose\/\" \/>\n<meta property=\"og:site_name\" content=\"PShYpnose\" \/>\n<meta property=\"article:publisher\" content=\"https:\/\/facebook.com\/reikhypnose27\" \/>\n<meta property=\"article:modified_time\" content=\"2023-09-20T15:28:04+00:00\" \/>\n<meta property=\"og:image\" content=\"http:\/\/patriciasevat.com\/wp-content\/uploads\/2019\/08\/MiltonErickson.jpeg\" \/>\n<meta name=\"twitter:card\" content=\"summary_large_image\" \/>\n<meta name=\"twitter:label1\" content=\"Dur\u00e9e de lecture estim\u00e9e\" \/>\n\t<meta name=\"twitter:data1\" content=\"3 minutes\" \/>\n<script type=\"application\/ld+json\" class=\"yoast-schema-graph\">{\"@context\":\"https:\/\/schema.org\",\"@graph\":[{\"@type\":\"WebPage\",\"@id\":\"https:\/\/patriciasevat.com\/index.php\/quest-que-lhypnose\/\",\"url\":\"https:\/\/patriciasevat.com\/index.php\/quest-que-lhypnose\/\",\"name\":\"Qu'est-ce que l'hypnose ? - PShYpnose\",\"isPartOf\":{\"@id\":\"https:\/\/patriciasevat.com\/#website\"},\"primaryImageOfPage\":{\"@id\":\"https:\/\/patriciasevat.com\/index.php\/quest-que-lhypnose\/#primaryimage\"},\"image\":{\"@id\":\"https:\/\/patriciasevat.com\/index.php\/quest-que-lhypnose\/#primaryimage\"},\"thumbnailUrl\":\"http:\/\/patriciasevat.com\/wp-content\/uploads\/2019\/08\/MiltonErickson.jpeg\",\"datePublished\":\"2019-08-01T15:18:58+00:00\",\"dateModified\":\"2023-09-20T15:28:04+00:00\",\"breadcrumb\":{\"@id\":\"https:\/\/patriciasevat.com\/index.php\/quest-que-lhypnose\/#breadcrumb\"},\"inLanguage\":\"fr-FR\",\"potentialAction\":[{\"@type\":\"ReadAction\",\"target\":[\"https:\/\/patriciasevat.com\/index.php\/quest-que-lhypnose\/\"]}]},{\"@type\":\"ImageObject\",\"inLanguage\":\"fr-FR\",\"@id\":\"https:\/\/patriciasevat.com\/index.php\/quest-que-lhypnose\/#primaryimage\",\"url\":\"http:\/\/patriciasevat.com\/wp-content\/uploads\/2019\/08\/MiltonErickson.jpeg\",\"contentUrl\":\"http:\/\/patriciasevat.com\/wp-content\/uploads\/2019\/08\/MiltonErickson.jpeg\"},{\"@type\":\"BreadcrumbList\",\"@id\":\"https:\/\/patriciasevat.com\/index.php\/quest-que-lhypnose\/#breadcrumb\",\"itemListElement\":[{\"@type\":\"ListItem\",\"position\":1,\"name\":\"Accueil\",\"item\":\"https:\/\/patriciasevat.com\/\"},{\"@type\":\"ListItem\",\"position\":2,\"name\":\"Qu&rsquo;est-ce que l&rsquo;hypnose ?\"}]},{\"@type\":\"WebSite\",\"@id\":\"https:\/\/patriciasevat.com\/#website\",\"url\":\"https:\/\/patriciasevat.com\/\",\"name\":\"PShYpnose\",\"description\":\"Retour \u00e0 l&#039;\u00e9quilibre et au bien-\u00eatre\",\"publisher\":{\"@id\":\"https:\/\/patriciasevat.com\/#organization\"},\"potentialAction\":[{\"@type\":\"SearchAction\",\"target\":{\"@type\":\"EntryPoint\",\"urlTemplate\":\"https:\/\/patriciasevat.com\/?s={search_term_string}\"},\"query-input\":{\"@type\":\"PropertyValueSpecification\",\"valueRequired\":true,\"valueName\":\"search_term_string\"}}],\"inLanguage\":\"fr-FR\"},{\"@type\":\"Organization\",\"@id\":\"https:\/\/patriciasevat.com\/#organization\",\"name\":\"PShYpnose\",\"url\":\"https:\/\/patriciasevat.com\/\",\"logo\":{\"@type\":\"ImageObject\",\"inLanguage\":\"fr-FR\",\"@id\":\"https:\/\/patriciasevat.com\/#\/schema\/logo\/image\/\",\"url\":\"https:\/\/patriciasevat.com\/wp-content\/uploads\/2019\/06\/cropped-29791783_2063062273931214_4745556821386304232_n-2.jpg\",\"contentUrl\":\"https:\/\/patriciasevat.com\/wp-content\/uploads\/2019\/06\/cropped-29791783_2063062273931214_4745556821386304232_n-2.jpg\",\"width\":240,\"height\":250,\"caption\":\"PShYpnose\"},\"image\":{\"@id\":\"https:\/\/patriciasevat.com\/#\/schema\/logo\/image\/\"},\"sameAs\":[\"https:\/\/facebook.com\/reikhypnose27\",\"https:\/\/instagram.com\/reikhypnose\"]}]}<\/script>\n<!-- \/ Yoast SEO plugin. -->","yoast_head_json":{"title":"Qu'est-ce que l'hypnose ? - PShYpnose","robots":{"index":"index","follow":"follow","max-snippet":"max-snippet:-1","max-image-preview":"max-image-preview:large","max-video-preview":"max-video-preview:-1"},"canonical":"https:\/\/patriciasevat.com\/index.php\/quest-que-lhypnose\/","og_locale":"fr_FR","og_type":"article","og_title":"Qu'est-ce que l'hypnose ? - PShYpnose","og_description":"Le mot hypnose nous provient de la mythologie grecque. Il fait r\u00e9f\u00e9rence \u00e0 \u00ab\u00a0Hypnos\u00a0\u00bb le dieu du sommeil. Cependant, l&rsquo;hypnose est \u00ab\u00a0un \u00e9tat de conscience modifi\u00e9\u00a0\u00bb qui n&rsquo;a rien \u00e0 voir avec le sommeil. Cet \u00e9tat est naturel\u00a0 (nous le vivons plusieurs fois par jour) et il permet \u00e0 notre inconscient de trouver toutes les &hellip; Continuer la lecture de &laquo;&nbsp;Qu&rsquo;est-ce que l&rsquo;hypnose ?&nbsp;&raquo;","og_url":"https:\/\/patriciasevat.com\/index.php\/quest-que-lhypnose\/","og_site_name":"PShYpnose","article_publisher":"https:\/\/facebook.com\/reikhypnose27","article_modified_time":"2023-09-20T15:28:04+00:00","og_image":[{"url":"http:\/\/patriciasevat.com\/wp-content\/uploads\/2019\/08\/MiltonErickson.jpeg","type":"","width":"","height":""}],"twitter_card":"summary_large_image","twitter_misc":{"Dur\u00e9e de lecture estim\u00e9e":"3 minutes"},"schema":{"@context":"https:\/\/schema.org","@graph":[{"@type":"WebPage","@id":"https:\/\/patriciasevat.com\/index.php\/quest-que-lhypnose\/","url":"https:\/\/patriciasevat.com\/index.php\/quest-que-lhypnose\/","name":"Qu'est-ce que l'hypnose ? - PShYpnose","isPartOf":{"@id":"https:\/\/patriciasevat.com\/#website"},"primaryImageOfPage":{"@id":"https:\/\/patriciasevat.com\/index.php\/quest-que-lhypnose\/#primaryimage"},"image":{"@id":"https:\/\/patriciasevat.com\/index.php\/quest-que-lhypnose\/#primaryimage"},"thumbnailUrl":"http:\/\/patriciasevat.com\/wp-content\/uploads\/2019\/08\/MiltonErickson.jpeg","datePublished":"2019-08-01T15:18:58+00:00","dateModified":"2023-09-20T15:28:04+00:00","breadcrumb":{"@id":"https:\/\/patriciasevat.com\/index.php\/quest-que-lhypnose\/#breadcrumb"},"inLanguage":"fr-FR","potentialAction":[{"@type":"ReadAction","target":["https:\/\/patriciasevat.com\/index.php\/quest-que-lhypnose\/"]}]},{"@type":"ImageObject","inLanguage":"fr-FR","@id":"https:\/\/patriciasevat.com\/index.php\/quest-que-lhypnose\/#primaryimage","url":"http:\/\/patriciasevat.com\/wp-content\/uploads\/2019\/08\/MiltonErickson.jpeg","contentUrl":"http:\/\/patriciasevat.com\/wp-content\/uploads\/2019\/08\/MiltonErickson.jpeg"},{"@type":"BreadcrumbList","@id":"https:\/\/patriciasevat.com\/index.php\/quest-que-lhypnose\/#breadcrumb","itemListElement":[{"@type":"ListItem","position":1,"name":"Accueil","item":"https:\/\/patriciasevat.com\/"},{"@type":"ListItem","position":2,"name":"Qu&rsquo;est-ce que l&rsquo;hypnose ?"}]},{"@type":"WebSite","@id":"https:\/\/patriciasevat.com\/#website","url":"https:\/\/patriciasevat.com\/","name":"PShYpnose","description":"Retour \u00e0 l&#039;\u00e9quilibre et au bien-\u00eatre","publisher":{"@id":"https:\/\/patriciasevat.com\/#organization"},"potentialAction":[{"@type":"SearchAction","target":{"@type":"EntryPoint","urlTemplate":"https:\/\/patriciasevat.com\/?s={search_term_string}"},"query-input":{"@type":"PropertyValueSpecification","valueRequired":true,"valueName":"search_term_string"}}],"inLanguage":"fr-FR"},{"@type":"Organization","@id":"https:\/\/patriciasevat.com\/#organization","name":"PShYpnose","url":"https:\/\/patriciasevat.com\/","logo":{"@type":"ImageObject","inLanguage":"fr-FR","@id":"https:\/\/patriciasevat.com\/#\/schema\/logo\/image\/","url":"https:\/\/patriciasevat.com\/wp-content\/uploads\/2019\/06\/cropped-29791783_2063062273931214_4745556821386304232_n-2.jpg","contentUrl":"https:\/\/patriciasevat.com\/wp-content\/uploads\/2019\/06\/cropped-29791783_2063062273931214_4745556821386304232_n-2.jpg","width":240,"height":250,"caption":"PShYpnose"},"image":{"@id":"https:\/\/patriciasevat.com\/#\/schema\/logo\/image\/"},"sameAs":["https:\/\/facebook.com\/reikhypnose27","https:\/\/instagram.com\/reikhypnose"]}]}},"_links":{"self":[{"href":"https:\/\/patriciasevat.com\/index.php\/wp-json\/wp\/v2\/pages\/41","targetHints":{"allow":["GET"]}}],"collection":[{"href":"https:\/\/patriciasevat.com\/index.php\/wp-json\/wp\/v2\/pages"}],"about":[{"href":"https:\/\/patriciasevat.com\/index.php\/wp-json\/wp\/v2\/types\/page"}],"author":[{"embeddable":true,"href":"https:\/\/patriciasevat.com\/index.php\/wp-json\/wp\/v2\/users\/1"}],"replies":[{"embeddable":true,"href":"https:\/\/patriciasevat.com\/index.php\/wp-json\/wp\/v2\/comments?post=41"}],"version-history":[{"count":23,"href":"https:\/\/patriciasevat.com\/index.php\/wp-json\/wp\/v2\/pages\/41\/revisions"}],"predecessor-version":[{"id":286,"href":"https:\/\/patriciasevat.com\/index.php\/wp-json\/wp\/v2\/pages\/41\/revisions\/286"}],"wp:attachment":[{"href":"https:\/\/patriciasevat.com\/index.php\/wp-json\/wp\/v2\/media?parent=41"}],"curies":[{"name":"wp","href":"https:\/\/api.w.org\/{rel}","templated":true}]}}