{"id":38,"date":"2019-08-01T17:14:20","date_gmt":"2019-08-01T15:14:20","guid":{"rendered":"http:\/\/patriciasevat.com\/?page_id=38"},"modified":"2025-09-29T14:34:02","modified_gmt":"2025-09-29T12:34:02","slug":"contact","status":"publish","type":"page","link":"https:\/\/patriciasevat.com\/index.php\/contact\/","title":{"rendered":"Tarifs &#038; Contact"},"content":{"rendered":"<p><span style=\"font-family: arial, helvetica, sans-serif;\"><strong><span style=\"font-size: 18pt; color: #0000ff;\"><em>Cabinet\u00a0 Retour \u00e0 l&rsquo;\u00e9quilibre et au bien-\u00eatre<\/em><\/span><\/strong><\/span><\/p>\n<p>&nbsp;<\/p>\n<ul>\n<li style=\"text-align: left;\"><span style=\"font-size: 14pt;\">Consultation d&rsquo;hypnose\u00a0\u00a0\u00a0 1h15\u00a0 \u00a0 \u00a0<\/span>\u00a0 \u00a0 \u00a0 \u00a0 \u00a0 \u00a0 \u00a0 \u00a0 \u00a0 \u00a0 \u00a0 \u00a0 \u00a0 \u00a0 \u00a0 \u00a0 \u00a0 \u00a0 \u00a0 \u00a0 \u00a0 \u00a0 \u00a0 \u00a0 \u00a0 \u00a0 \u00a0 \u00a0 \u00a0<strong> 80 \u20ac<\/strong><\/li>\n<li style=\"text-align: left;\"><span style=\"font-size: 14pt;\">Consultation Reiki\u00a0\u00a0\u00a0\u00a0\u00a0\u00a0\u00a0\u00a0\u00a0\u00a0 \u00a0 \u00a0\u00a0 1h15\u00a0<\/span>\u00a0 \u00a0 \u00a0 \u00a0 \u00a0 \u00a0 \u00a0 \u00a0 \u00a0 \u00a0 \u00a0 \u00a0 \u00a0 \u00a0 \u00a0 \u00a0 \u00a0 \u00a0 \u00a0 \u00a0 \u00a0 \u00a0 \u00a0 \u00a0 \u00a0 \u00a0 \u00a0 \u00a0 \u00a0 \u00a0 \u00a0 \u00a0<strong>80 \u20ac<\/strong><\/li>\n<li style=\"text-align: left;\"><span style=\"font-size: 14pt;\">Forfait perte de poids * \u00a0 (3 s\u00e9ances) \u00a0<\/span>\u00a0 \u00a0 \u00a0 \u00a0 \u00a0 \u00a0 \u00a0 \u00a0 \u00a0 \u00a0 \u00a0 \u00a0 \u00a0 \u00a0 \u00a0 \u00a0 \u00a0 \u00a0 \u00a0 \u00a0 \u00a0 \u00a0 <strong>290 \u20ac<\/strong><\/li>\n<li style=\"text-align: left;\"><span style=\"font-size: 14pt;\">Forfait arr\u00eat tabac\u00a0 \u00a0 \u00a0 \u00a0 \u00a0 \u00a0 \u00a0 (2 s\u00e9ances) \u00a0<\/span>\u00a0 \u00a0 \u00a0 \u00a0 \u00a0 \u00a0 \u00a0 \u00a0 \u00a0 \u00a0 \u00a0 \u00a0 \u00a0 \u00a0 \u00a0 \u00a0 \u00a0 \u00a0 \u00a0 \u00a0 \u00a0 \u00a0 \u00a0<strong>250 \u20ac \u00a0<\/strong><\/li>\n<li style=\"text-align: left;\"><span style=\"font-size: 14pt;\">Forfait r\u00e9\u00e9quilibrage \u00e9nerg\u00e9tique (4 soins Reiki)<\/span>\u00a0 \u00a0 \u00a0 \u00a0 \u00a0 \u00a0 \u00a0 \u00a0 \u00a0 \u00a0<strong>250 \u20ac<\/strong><\/li>\n<li><span style=\"font-size: 14pt;\">Hypnose pour enfant\u00a0 ( -12ans )\u00a0 \u00a01h\u00a0 \u00a0 \u00a0<\/span>\u00a0 \u00a0 \u00a0 \u00a0 \u00a0 \u00a0 \u00a0 \u00a0 \u00a0 \u00a0 \u00a0 \u00a0 \u00a0 \u00a0 \u00a0 \u00a0 \u00a0 \u00a0 \u00a0 \u00a0 \u00a0 \u00a0 \u00a0 \u00a0<strong>60\u00a0\u20ac<\/strong><\/li>\n<\/ul>\n<p>&nbsp;<\/p>\n<p>* <em><span style=\"font-size: 10pt;\">Ce programme sp\u00e9cifique comprend 3 s\u00e9ances en pr\u00e9sentiel,\u00a0 un coaching + 9 audios d&rsquo;hypnose\u00a0 \u00e0 \u00e9couter quotidiennement chez soi\u00a0<\/span><\/em><\/p>\n<p>** <span style=\"font-size: 10pt;\">Les 2 s\u00e9ances arr\u00eat tabac ne doivent pas \u00eatre espac\u00e9es de plus 3 semaines<\/span><\/p>\n<p>*** <em><span style=\"font-size: 10pt;\">facilit\u00e9 de paiement pour les forfaits (encaissement diff\u00e9r\u00e9)<\/span><\/em><\/p>\n<p>**** C<span style=\"font-size: 10pt;\">ompter environ 2h pour les premi\u00e8res s\u00e9ances poids et arr\u00eat de tabac<\/span><\/p>\n<p>&nbsp;<\/p>\n<p><em style=\"color: #0000ff; font-family: 'trebuchet ms', geneva, sans-serif; font-size: 18.6667px;\"><img fetchpriority=\"high\" decoding=\"async\" class=\"wp-image-252 alignleft\" src=\"https:\/\/patriciasevat.com\/wp-content\/uploads\/2023\/01\/326007040_890989292249740_3849754585696448551_n-1.jpg\" alt=\"\" width=\"293\" height=\"271\" \/><\/em><\/p>\n<p style=\"text-align: center;\"><span style=\"font-family: arial, helvetica, sans-serif;\"><strong><span style=\"color: #0000ff;\">\u00a0 <\/span><\/strong><\/span><span style=\"font-family: arial, helvetica, sans-serif; font-size: 14pt;\"><strong><span style=\"color: #0000ff;\">Patricia SEVAT<\/span><\/strong><\/span><\/p>\n<p style=\"text-align: center;\"><strong>\u00a0 Hypnoth\u00e9rapeute &#8211; Energ\u00e9ticienne<\/strong><\/p>\n<p style=\"text-align: center;\">6 all\u00e9e Hector Berlioz<\/p>\n<p style=\"text-align: center;\">95130 FRANCONVILLE<\/p>\n<p style=\"text-align: center;\"><strong>T\u00e9l : 06.61.70.47.34<\/strong><\/p>\n<p style=\"text-align: center;\">\u00a0sevat.patricia@gmail.com<\/p>\n<p style=\"text-align: center;\"><strong><span style=\"color: #0000ff;\"><i>\u00a0 \u00a0 \u00a0 \u00a0 <\/i><\/span><\/strong><\/p>\n<p style=\"text-align: left;\"><strong><span style=\"color: #0000ff;\"><i>\u00a0 \u00a0 \u00a0 \u00a0 \u00a0 \u00a0 \u00a0 \u00a0 \u00a0 \u00a0 \u00a0 \u00a0 \u00a0 \u00a0 \u00a0 \u00a0 \u00a0 \u00a0 \u00a0 \u00a0 \u00a0 \u00a0 \u00a0 \u00a0 \u00a0 \u00a0 \u00a0 \u00a0 \u00a0 <\/i><\/span><\/strong><strong style=\"font-size: 1rem;\"><span style=\"color: #0000ff;\"><i>Lieu de consultation :<\/i><\/span><\/strong><strong style=\"font-size: 1rem;\"><span style=\"color: #0000ff;\"><i>\u00a0\u00a0<\/i><\/span><\/strong><\/p>\n<p style=\"text-align: center;\">\u00a0 \u00a0 \u00a0 \u00a0 \u00a0 \u00a0 \u00a0 \u00a0 \u00a0 \u00a0* <strong>\u00a0Place Maurice Ravel 95130 FRANCONVILLE<\/strong><\/p>\n<p>&nbsp;<\/p>\n<table style=\"border-collapse: collapse; width: 100%; height: 350px;\">\n<tbody>\n<tr style=\"height: 350px;\">\n<td style=\"width: 11.9912%; text-align: center; height: 350px;\"><\/td>\n<td style=\"width: 88.0088%; text-align: center; height: 350px;\"><iframe style=\"border: 0;\" src=\"https:\/\/www.google.com\/maps\/embed?pb=!1m18!1m12!1m3!1d2618.3334605043706!2d2.225677315639176!3d48.98521127930009!2m3!1f0!2f0!3f0!3m2!1i1024!2i768!4f13.1!3m3!1m2!1s0x47e6671b9ca10a8b%3A0x26187cf4195a1cc7!2sPlace%20Maurice%20Ravel%2C%2095130%20Franconville!5e0!3m2!1sfr!2sfr!4v1582910305726!5m2!1sfr!2sfr\" width=\"400\" height=\"250\" frameborder=\"0\" allowfullscreen=\"allowfullscreen\"><span style=\"display: inline-block; width: 0px; overflow: hidden; line-height: 0;\" data-mce-type=\"bookmark\" class=\"mce_SELRES_start\">\ufeff<\/span><\/iframe><\/td>\n<\/tr>\n<\/tbody>\n<\/table>\n<p>&nbsp;<\/p>\n<p>&nbsp;<\/p>\n<p>&nbsp;<\/p>\n<div style=\"display: block; text-align: center; background-color: #0596de; color: #ffffff; font-size: 14px; overflow: hidden; width: 346px; height: 153px; top: 0; right: 5px; z-index: 1000; border-bottom-right-radius: 4px; border-bottom-left-radius: 4px;\" data-reactroot=\"\"><span style=\"margin: 30px 12px 12px; display: block; font-size: 14pt;\">Contactez-moi au 06.61.70.47.34 ou<\/span><a style=\"display: block; width: 176px; height: 44px; border-radius: 4px; background-color: #ffffff; line-height: 44px; color: #0596de; margin: 0 auto; text-transform: uppercase; padding: 0;\" href=\"https:\/\/perfactive.fr\/espace-bien-etre\/book\" target=\"_blank\" rel=\"noopener noreferrer\">Cliquez ici<\/a><\/div>\n","protected":false},"excerpt":{"rendered":"<p>Cabinet\u00a0 Retour \u00e0 l&rsquo;\u00e9quilibre et au bien-\u00eatre &nbsp; Consultation d&rsquo;hypnose\u00a0\u00a0\u00a0 1h15\u00a0 \u00a0 \u00a0\u00a0 \u00a0 \u00a0 \u00a0 \u00a0 \u00a0 \u00a0 \u00a0 \u00a0 \u00a0 \u00a0 \u00a0 \u00a0 \u00a0 \u00a0 \u00a0 \u00a0 \u00a0 \u00a0 \u00a0 \u00a0 \u00a0 \u00a0 \u00a0 \u00a0 \u00a0 \u00a0 \u00a0 \u00a0 80 \u20ac Consultation Reiki\u00a0\u00a0\u00a0\u00a0\u00a0\u00a0\u00a0\u00a0\u00a0\u00a0 \u00a0 \u00a0\u00a0 1h15\u00a0\u00a0 \u00a0 \u00a0 \u00a0 \u00a0 \u00a0 \u00a0 \u00a0 &hellip; <\/p>\n<p class=\"link-more\"><a href=\"https:\/\/patriciasevat.com\/index.php\/contact\/\" class=\"more-link\">Continuer la lecture<span class=\"screen-reader-text\"> de &laquo;&nbsp;Tarifs &#038; Contact&nbsp;&raquo;<\/span><\/a><\/p>\n","protected":false},"author":1,"featured_media":0,"parent":0,"menu_order":0,"comment_status":"closed","ping_status":"closed","template":"","meta":{"footnotes":""},"class_list":["post-38","page","type-page","status-publish","hentry"],"yoast_head":"<!-- This site is optimized with the Yoast SEO plugin v26.7 - https:\/\/yoast.com\/wordpress\/plugins\/seo\/ -->\n<title>Tarifs &amp; Contact - PShYpnose<\/title>\n<meta name=\"robots\" content=\"index, follow, max-snippet:-1, max-image-preview:large, max-video-preview:-1\" \/>\n<link rel=\"canonical\" href=\"https:\/\/patriciasevat.com\/index.php\/contact\/\" \/>\n<meta property=\"og:locale\" content=\"fr_FR\" \/>\n<meta property=\"og:type\" content=\"article\" \/>\n<meta property=\"og:title\" content=\"Tarifs &amp; Contact - PShYpnose\" \/>\n<meta property=\"og:description\" content=\"Cabinet\u00a0 Retour \u00e0 l&rsquo;\u00e9quilibre et au bien-\u00eatre &nbsp; Consultation d&rsquo;hypnose\u00a0\u00a0\u00a0 1h15\u00a0 \u00a0 \u00a0\u00a0 \u00a0 \u00a0 \u00a0 \u00a0 \u00a0 \u00a0 \u00a0 \u00a0 \u00a0 \u00a0 \u00a0 \u00a0 \u00a0 \u00a0 \u00a0 \u00a0 \u00a0 \u00a0 \u00a0 \u00a0 \u00a0 \u00a0 \u00a0 \u00a0 \u00a0 \u00a0 \u00a0 \u00a0 80 \u20ac Consultation Reiki\u00a0\u00a0\u00a0\u00a0\u00a0\u00a0\u00a0\u00a0\u00a0\u00a0 \u00a0 \u00a0\u00a0 1h15\u00a0\u00a0 \u00a0 \u00a0 \u00a0 \u00a0 \u00a0 \u00a0 \u00a0 &hellip; Continuer la lecture de &laquo;&nbsp;Tarifs &#038; Contact&nbsp;&raquo;\" \/>\n<meta property=\"og:url\" content=\"https:\/\/patriciasevat.com\/index.php\/contact\/\" \/>\n<meta property=\"og:site_name\" content=\"PShYpnose\" \/>\n<meta property=\"article:publisher\" content=\"https:\/\/facebook.com\/reikhypnose27\" \/>\n<meta property=\"article:modified_time\" content=\"2025-09-29T12:34:02+00:00\" \/>\n<meta property=\"og:image\" content=\"http:\/\/patriciasevat.com\/wp-content\/uploads\/2023\/01\/326007040_890989292249740_3849754585696448551_n-1.jpg\" \/>\n<meta name=\"twitter:card\" content=\"summary_large_image\" \/>\n<meta name=\"twitter:label1\" content=\"Dur\u00e9e de lecture estim\u00e9e\" \/>\n\t<meta name=\"twitter:data1\" content=\"1 minute\" \/>\n<script type=\"application\/ld+json\" class=\"yoast-schema-graph\">{\"@context\":\"https:\/\/schema.org\",\"@graph\":[{\"@type\":\"WebPage\",\"@id\":\"https:\/\/patriciasevat.com\/index.php\/contact\/\",\"url\":\"https:\/\/patriciasevat.com\/index.php\/contact\/\",\"name\":\"Tarifs & Contact - PShYpnose\",\"isPartOf\":{\"@id\":\"https:\/\/patriciasevat.com\/#website\"},\"primaryImageOfPage\":{\"@id\":\"https:\/\/patriciasevat.com\/index.php\/contact\/#primaryimage\"},\"image\":{\"@id\":\"https:\/\/patriciasevat.com\/index.php\/contact\/#primaryimage\"},\"thumbnailUrl\":\"http:\/\/patriciasevat.com\/wp-content\/uploads\/2023\/01\/326007040_890989292249740_3849754585696448551_n-1.jpg\",\"datePublished\":\"2019-08-01T15:14:20+00:00\",\"dateModified\":\"2025-09-29T12:34:02+00:00\",\"breadcrumb\":{\"@id\":\"https:\/\/patriciasevat.com\/index.php\/contact\/#breadcrumb\"},\"inLanguage\":\"fr-FR\",\"potentialAction\":[{\"@type\":\"ReadAction\",\"target\":[\"https:\/\/patriciasevat.com\/index.php\/contact\/\"]}]},{\"@type\":\"ImageObject\",\"inLanguage\":\"fr-FR\",\"@id\":\"https:\/\/patriciasevat.com\/index.php\/contact\/#primaryimage\",\"url\":\"http:\/\/patriciasevat.com\/wp-content\/uploads\/2023\/01\/326007040_890989292249740_3849754585696448551_n-1.jpg\",\"contentUrl\":\"http:\/\/patriciasevat.com\/wp-content\/uploads\/2023\/01\/326007040_890989292249740_3849754585696448551_n-1.jpg\"},{\"@type\":\"BreadcrumbList\",\"@id\":\"https:\/\/patriciasevat.com\/index.php\/contact\/#breadcrumb\",\"itemListElement\":[{\"@type\":\"ListItem\",\"position\":1,\"name\":\"Accueil\",\"item\":\"https:\/\/patriciasevat.com\/\"},{\"@type\":\"ListItem\",\"position\":2,\"name\":\"Tarifs &#038; Contact\"}]},{\"@type\":\"WebSite\",\"@id\":\"https:\/\/patriciasevat.com\/#website\",\"url\":\"https:\/\/patriciasevat.com\/\",\"name\":\"PShYpnose\",\"description\":\"Retour \u00e0 l&#039;\u00e9quilibre et au bien-\u00eatre\",\"publisher\":{\"@id\":\"https:\/\/patriciasevat.com\/#organization\"},\"potentialAction\":[{\"@type\":\"SearchAction\",\"target\":{\"@type\":\"EntryPoint\",\"urlTemplate\":\"https:\/\/patriciasevat.com\/?s={search_term_string}\"},\"query-input\":{\"@type\":\"PropertyValueSpecification\",\"valueRequired\":true,\"valueName\":\"search_term_string\"}}],\"inLanguage\":\"fr-FR\"},{\"@type\":\"Organization\",\"@id\":\"https:\/\/patriciasevat.com\/#organization\",\"name\":\"PShYpnose\",\"url\":\"https:\/\/patriciasevat.com\/\",\"logo\":{\"@type\":\"ImageObject\",\"inLanguage\":\"fr-FR\",\"@id\":\"https:\/\/patriciasevat.com\/#\/schema\/logo\/image\/\",\"url\":\"https:\/\/patriciasevat.com\/wp-content\/uploads\/2019\/06\/cropped-29791783_2063062273931214_4745556821386304232_n-2.jpg\",\"contentUrl\":\"https:\/\/patriciasevat.com\/wp-content\/uploads\/2019\/06\/cropped-29791783_2063062273931214_4745556821386304232_n-2.jpg\",\"width\":240,\"height\":250,\"caption\":\"PShYpnose\"},\"image\":{\"@id\":\"https:\/\/patriciasevat.com\/#\/schema\/logo\/image\/\"},\"sameAs\":[\"https:\/\/facebook.com\/reikhypnose27\",\"https:\/\/instagram.com\/reikhypnose\"]}]}<\/script>\n<!-- \/ Yoast SEO plugin. -->","yoast_head_json":{"title":"Tarifs & Contact - PShYpnose","robots":{"index":"index","follow":"follow","max-snippet":"max-snippet:-1","max-image-preview":"max-image-preview:large","max-video-preview":"max-video-preview:-1"},"canonical":"https:\/\/patriciasevat.com\/index.php\/contact\/","og_locale":"fr_FR","og_type":"article","og_title":"Tarifs & Contact - PShYpnose","og_description":"Cabinet\u00a0 Retour \u00e0 l&rsquo;\u00e9quilibre et au bien-\u00eatre &nbsp; Consultation d&rsquo;hypnose\u00a0\u00a0\u00a0 1h15\u00a0 \u00a0 \u00a0\u00a0 \u00a0 \u00a0 \u00a0 \u00a0 \u00a0 \u00a0 \u00a0 \u00a0 \u00a0 \u00a0 \u00a0 \u00a0 \u00a0 \u00a0 \u00a0 \u00a0 \u00a0 \u00a0 \u00a0 \u00a0 \u00a0 \u00a0 \u00a0 \u00a0 \u00a0 \u00a0 \u00a0 \u00a0 80 \u20ac Consultation Reiki\u00a0\u00a0\u00a0\u00a0\u00a0\u00a0\u00a0\u00a0\u00a0\u00a0 \u00a0 \u00a0\u00a0 1h15\u00a0\u00a0 \u00a0 \u00a0 \u00a0 \u00a0 \u00a0 \u00a0 \u00a0 &hellip; Continuer la lecture de &laquo;&nbsp;Tarifs &#038; Contact&nbsp;&raquo;","og_url":"https:\/\/patriciasevat.com\/index.php\/contact\/","og_site_name":"PShYpnose","article_publisher":"https:\/\/facebook.com\/reikhypnose27","article_modified_time":"2025-09-29T12:34:02+00:00","og_image":[{"url":"http:\/\/patriciasevat.com\/wp-content\/uploads\/2023\/01\/326007040_890989292249740_3849754585696448551_n-1.jpg","type":"","width":"","height":""}],"twitter_card":"summary_large_image","twitter_misc":{"Dur\u00e9e de lecture estim\u00e9e":"1 minute"},"schema":{"@context":"https:\/\/schema.org","@graph":[{"@type":"WebPage","@id":"https:\/\/patriciasevat.com\/index.php\/contact\/","url":"https:\/\/patriciasevat.com\/index.php\/contact\/","name":"Tarifs & Contact - PShYpnose","isPartOf":{"@id":"https:\/\/patriciasevat.com\/#website"},"primaryImageOfPage":{"@id":"https:\/\/patriciasevat.com\/index.php\/contact\/#primaryimage"},"image":{"@id":"https:\/\/patriciasevat.com\/index.php\/contact\/#primaryimage"},"thumbnailUrl":"http:\/\/patriciasevat.com\/wp-content\/uploads\/2023\/01\/326007040_890989292249740_3849754585696448551_n-1.jpg","datePublished":"2019-08-01T15:14:20+00:00","dateModified":"2025-09-29T12:34:02+00:00","breadcrumb":{"@id":"https:\/\/patriciasevat.com\/index.php\/contact\/#breadcrumb"},"inLanguage":"fr-FR","potentialAction":[{"@type":"ReadAction","target":["https:\/\/patriciasevat.com\/index.php\/contact\/"]}]},{"@type":"ImageObject","inLanguage":"fr-FR","@id":"https:\/\/patriciasevat.com\/index.php\/contact\/#primaryimage","url":"http:\/\/patriciasevat.com\/wp-content\/uploads\/2023\/01\/326007040_890989292249740_3849754585696448551_n-1.jpg","contentUrl":"http:\/\/patriciasevat.com\/wp-content\/uploads\/2023\/01\/326007040_890989292249740_3849754585696448551_n-1.jpg"},{"@type":"BreadcrumbList","@id":"https:\/\/patriciasevat.com\/index.php\/contact\/#breadcrumb","itemListElement":[{"@type":"ListItem","position":1,"name":"Accueil","item":"https:\/\/patriciasevat.com\/"},{"@type":"ListItem","position":2,"name":"Tarifs &#038; Contact"}]},{"@type":"WebSite","@id":"https:\/\/patriciasevat.com\/#website","url":"https:\/\/patriciasevat.com\/","name":"PShYpnose","description":"Retour \u00e0 l&#039;\u00e9quilibre et au bien-\u00eatre","publisher":{"@id":"https:\/\/patriciasevat.com\/#organization"},"potentialAction":[{"@type":"SearchAction","target":{"@type":"EntryPoint","urlTemplate":"https:\/\/patriciasevat.com\/?s={search_term_string}"},"query-input":{"@type":"PropertyValueSpecification","valueRequired":true,"valueName":"search_term_string"}}],"inLanguage":"fr-FR"},{"@type":"Organization","@id":"https:\/\/patriciasevat.com\/#organization","name":"PShYpnose","url":"https:\/\/patriciasevat.com\/","logo":{"@type":"ImageObject","inLanguage":"fr-FR","@id":"https:\/\/patriciasevat.com\/#\/schema\/logo\/image\/","url":"https:\/\/patriciasevat.com\/wp-content\/uploads\/2019\/06\/cropped-29791783_2063062273931214_4745556821386304232_n-2.jpg","contentUrl":"https:\/\/patriciasevat.com\/wp-content\/uploads\/2019\/06\/cropped-29791783_2063062273931214_4745556821386304232_n-2.jpg","width":240,"height":250,"caption":"PShYpnose"},"image":{"@id":"https:\/\/patriciasevat.com\/#\/schema\/logo\/image\/"},"sameAs":["https:\/\/facebook.com\/reikhypnose27","https:\/\/instagram.com\/reikhypnose"]}]}},"_links":{"self":[{"href":"https:\/\/patriciasevat.com\/index.php\/wp-json\/wp\/v2\/pages\/38","targetHints":{"allow":["GET"]}}],"collection":[{"href":"https:\/\/patriciasevat.com\/index.php\/wp-json\/wp\/v2\/pages"}],"about":[{"href":"https:\/\/patriciasevat.com\/index.php\/wp-json\/wp\/v2\/types\/page"}],"author":[{"embeddable":true,"href":"https:\/\/patriciasevat.com\/index.php\/wp-json\/wp\/v2\/users\/1"}],"replies":[{"embeddable":true,"href":"https:\/\/patriciasevat.com\/index.php\/wp-json\/wp\/v2\/comments?post=38"}],"version-history":[{"count":102,"href":"https:\/\/patriciasevat.com\/index.php\/wp-json\/wp\/v2\/pages\/38\/revisions"}],"predecessor-version":[{"id":450,"href":"https:\/\/patriciasevat.com\/index.php\/wp-json\/wp\/v2\/pages\/38\/revisions\/450"}],"wp:attachment":[{"href":"https:\/\/patriciasevat.com\/index.php\/wp-json\/wp\/v2\/media?parent=38"}],"curies":[{"name":"wp","href":"https:\/\/api.w.org\/{rel}","templated":true}]}}