{"id":307,"date":"2023-10-04T13:32:12","date_gmt":"2023-10-04T11:32:12","guid":{"rendered":"https:\/\/patriciasevat.com\/?page_id=307"},"modified":"2024-10-27T22:22:05","modified_gmt":"2024-10-27T21:22:05","slug":"hypnose-pour-enfant","status":"publish","type":"page","link":"https:\/\/patriciasevat.com\/index.php\/hypnose-pour-enfant\/","title":{"rendered":"Hypnose pour enfant"},"content":{"rendered":"<section id=\"comp-lg3p14hk\" class=\"Oqnisf comp-lg3p14hk wixui-section\" tabindex=\"-1\">\n<div class=\"\" data-mesh-id=\"comp-lg3p14hkinlineContent\" data-testid=\"inline-content\">\n<div data-mesh-id=\"comp-lg3p14hkinlineContent-gridContainer\" data-testid=\"mesh-container-content\">\n<div id=\"comp-kzi8ff2n\" class=\"KcpHeO tz5f0K comp-kzi8ff2n wixui-rich-text\" data-testid=\"richTextElement\">\n<blockquote>\n<h2 class=\"font_2 wixui-rich-text__text\"><span style=\"font-family: 'comic sans ms', sans-serif;\"><strong><span class=\"wixui-rich-text__text\">\u00ab\u00a0Les adultes croient ce qu&rsquo;ils voient, les enfants voient ce qu&rsquo;ils croient !\u00a0\u00bb<\/span><\/strong><\/span><\/h2>\n<p>&nbsp;<\/p><\/blockquote>\n<\/div>\n<\/div>\n<\/div>\n<\/section>\n<section id=\"comp-lg3p14hl\" class=\"Oqnisf comp-lg3p14hl wixui-section\" tabindex=\"-1\">\n<div id=\"bgLayers_comp-lg3p14hl\" class=\"MW5IWV\" data-hook=\"bgLayers\">\n<div id=\"bgMedia_comp-lg3p14hl\" class=\"VgO9Yg\"><\/div>\n<\/div>\n<div class=\"\" data-mesh-id=\"comp-lg3p14hlinlineContent\" data-testid=\"inline-content\">\n<div data-mesh-id=\"comp-lg3p14hlinlineContent-gridContainer\" data-testid=\"mesh-container-content\">\n<section id=\"comp-kz3xk23w\" class=\"comp-kz3xk23w CohWsy wixui-column-strip\">\n<div class=\"V5AUxf\" data-testid=\"columns\">\n<div id=\"comp-kz3xk23y2\" class=\"comp-kz3xk23y2 YzqVVZ wixui-column-strip__column\">\n<div class=\"\" data-mesh-id=\"comp-kz3xk23y2inlineContent\" data-testid=\"inline-content\">\n<div data-mesh-id=\"comp-kz3xk23y2inlineContent-gridContainer\" data-testid=\"mesh-container-content\">\n<div id=\"comp-kzr376ef\" class=\"LKjYWx comp-kzr376ef wixui-image\">\n<div class=\"BzTPNT\" data-testid=\"linkElement\">\n<p><img fetchpriority=\"high\" decoding=\"async\" class=\"alignnone\" src=\"https:\/\/static.wixstatic.com\/media\/9ef5b0_fdd515c057c9418a833a5dfe88e91a52~mv2.jpg\/v1\/fill\/w_575,h_383,al_c,q_80,usm_0.66_1.00_0.01,enc_auto\/enfants.jpg\" srcset=\"https:\/\/static.wixstatic.com\/media\/9ef5b0_fdd515c057c9418a833a5dfe88e91a52~mv2.jpg\/v1\/fill\/w_575,h_383,al_c,q_80,usm_0.66_1.00_0.01,enc_auto\/enfants.jpg 1x, https:\/\/static.wixstatic.com\/media\/9ef5b0_fdd515c057c9418a833a5dfe88e91a52~mv2.jpg\/v1\/fill\/w_1150,h_766,al_c,q_85,usm_0.66_1.00_0.01,enc_auto\/enfants.jpg 2x\" alt=\"S'il nous est difficile de trouver le bonheur en nous, il nous est impossible de le trouver ailleurs.\" width=\"575\" height=\"383\" \/><\/p>\n<\/div>\n<\/div>\n<\/div>\n<\/div>\n<\/div>\n<\/div>\n<\/section>\n<div id=\"comp-kzi8g55r\" class=\"KcpHeO tz5f0K comp-kzi8g55r wixui-rich-text\" data-testid=\"richTextElement\">\n<p class=\"font_8 wixui-rich-text__text\"><span class=\"wixui-rich-text__text\" style=\"font-size: 14pt; font-family: 'trebuchet ms', geneva, sans-serif;\">L&rsquo;Hypnose\u00a0est un\u00a0outil\u00a0tr\u00e8s efficace chez les\u00a0enfants, pour les aider \u00e0 am\u00e9liorer leur quotidien et \u00e0 se sentir mieux.<\/span><\/p>\n<p><span style=\"font-size: 14pt; font-family: 'trebuchet ms', geneva, sans-serif;\">Consid\u00e9rant les ados comme de jeunes adultes,\u00a0 je travaille diff\u00e9remment avec les enfants de <\/span><span style=\"color: #0000ff;\"><strong>moins de 12 ans<\/strong><\/span>.<\/p>\n<p class=\"font_8 wixui-rich-text__text\"><span style=\"font-family: 'trebuchet ms', geneva, sans-serif; font-size: 14pt;\"><span class=\"wixui-rich-text__text\"><span class=\"wixGuard wixui-rich-text__text\">\u200b<\/span><\/span><span class=\"wixui-rich-text__text\">Il faut savoir que les enfants sont tr\u00e8s r\u00e9ceptifs car ils se mettent naturellement en \u00e9tat d&rsquo;hypnose.<\/span><\/span><\/p>\n<p class=\"font_8 wixui-rich-text__text\"><span class=\"wixui-rich-text__text\" style=\"font-family: 'trebuchet ms', geneva, sans-serif; font-size: 14pt;\">Ils sont capables de vivre une ou plusieurs transes hypnotiques dans une m\u00eame journ\u00e9e \u00e9chappant ainsi \u00e0 la r\u00e9alit\u00e9 gr\u00e2ce \u00e0 leur merveilleuse imagination !<\/span><\/p>\n<p class=\"font_8 wixui-rich-text__text\"><span style=\"font-family: 'trebuchet ms', geneva, sans-serif; font-size: 14pt;\"><span class=\"wixui-rich-text__text\">Il est alors tr\u00e8s facile de travailler avec eux sur leur probl\u00e9matique et ce de mani\u00e8re ludique <\/span>en utilisant des <span class=\"wixui-rich-text__text\">outils cr\u00e9atifs\u00a0<\/span>qui leur sont adapt\u00e9s<span class=\"wixui-rich-text__text\">\u00a0<\/span>(jeux, dessins, cartes oracle, contes&#8230;)<\/span><\/p>\n<p class=\"font_8 wixui-rich-text__text\">C<span style=\"font-size: 14pt; font-family: 'trebuchet ms', geneva, sans-serif;\">&lsquo;est \u00e0 travers ces outils familiers que je pourrais acc\u00e9der \u00e0 leur univers pour les <span class=\"wixui-rich-text__text\">accompagner<\/span> et les aider \u00e0 d\u00e9bloquer, d\u00e9nouer, remodeler leurs <span class=\"wixui-rich-text__text\">pens\u00e9es\u00a0<\/span>et leurs\u00a0<span class=\"wixui-rich-text__text\">\u00e9motions, leur permettant ainsi de surmonter certains \u00e9v\u00e8nements \u00ab\u00a0non dig\u00e9r\u00e9s\u00a0\u00bb.<\/span><\/span><\/p>\n<p><span style=\"font-size: 14pt; font-family: 'trebuchet ms', geneva, sans-serif;\">Je d\u00e9bute donc chaque s\u00e9ance en accueillant parents et enfant et en donnant un temps de parole \u00e0 chacun ; puis la s\u00e9ance se poursuit avec seulement l&rsquo;enfant qui a le choix de travailler sur la probl\u00e9matique pour laquelle ses parents consultent ou sur tout autre sujet qui lui tient \u00e0 coeur, c&rsquo;est lui qui d\u00e9cide. A la fin de la s\u00e9ance j&rsquo;invite les parents \u00e0 nous rejoindre.<\/span><\/p>\n<p><span style=\"font-size: 14pt; font-family: 'trebuchet ms', geneva, sans-serif;\">Je ne partage aucun d\u00e9tail de la s\u00e9ance avec les parents (except\u00e9 si je le juge n\u00e9cessaire). L&rsquo; enfant est libre de tout raconter ou ne rien dire, c&rsquo;est lui qui choisit. Pour obtenir de bons r\u00e9sultats un climat de confiance entre le th\u00e9rapeute et l&rsquo;enfant est primordial.<\/span><\/p>\n<\/div>\n<\/div>\n<\/div>\n<\/section>\n","protected":false},"excerpt":{"rendered":"<p>\u00ab\u00a0Les adultes croient ce qu&rsquo;ils voient, les enfants voient ce qu&rsquo;ils croient !\u00a0\u00bb &nbsp; L&rsquo;Hypnose\u00a0est un\u00a0outil\u00a0tr\u00e8s efficace chez les\u00a0enfants, pour les aider \u00e0 am\u00e9liorer leur quotidien et \u00e0 se sentir mieux. Consid\u00e9rant les ados comme de jeunes adultes,\u00a0 je travaille diff\u00e9remment avec les enfants de moins de 12 ans. \u200bIl faut savoir que les enfants &hellip; <\/p>\n<p class=\"link-more\"><a href=\"https:\/\/patriciasevat.com\/index.php\/hypnose-pour-enfant\/\" class=\"more-link\">Continuer la lecture<span class=\"screen-reader-text\"> de &laquo;&nbsp;Hypnose pour enfant&nbsp;&raquo;<\/span><\/a><\/p>\n","protected":false},"author":1,"featured_media":0,"parent":0,"menu_order":0,"comment_status":"closed","ping_status":"closed","template":"","meta":{"footnotes":""},"class_list":["post-307","page","type-page","status-publish","hentry"],"yoast_head":"<!-- This site is optimized with the Yoast SEO plugin v26.7 - https:\/\/yoast.com\/wordpress\/plugins\/seo\/ -->\n<title>Hypnose pour enfant - PShYpnose<\/title>\n<meta name=\"robots\" content=\"index, follow, max-snippet:-1, max-image-preview:large, max-video-preview:-1\" \/>\n<link rel=\"canonical\" href=\"https:\/\/patriciasevat.com\/index.php\/hypnose-pour-enfant\/\" \/>\n<meta property=\"og:locale\" content=\"fr_FR\" \/>\n<meta property=\"og:type\" content=\"article\" \/>\n<meta property=\"og:title\" content=\"Hypnose pour enfant - PShYpnose\" \/>\n<meta property=\"og:description\" content=\"\u00ab\u00a0Les adultes croient ce qu&rsquo;ils voient, les enfants voient ce qu&rsquo;ils croient !\u00a0\u00bb &nbsp; L&rsquo;Hypnose\u00a0est un\u00a0outil\u00a0tr\u00e8s efficace chez les\u00a0enfants, pour les aider \u00e0 am\u00e9liorer leur quotidien et \u00e0 se sentir mieux. Consid\u00e9rant les ados comme de jeunes adultes,\u00a0 je travaille diff\u00e9remment avec les enfants de moins de 12 ans. \u200bIl faut savoir que les enfants &hellip; Continuer la lecture de &laquo;&nbsp;Hypnose pour enfant&nbsp;&raquo;\" \/>\n<meta property=\"og:url\" content=\"https:\/\/patriciasevat.com\/index.php\/hypnose-pour-enfant\/\" \/>\n<meta property=\"og:site_name\" content=\"PShYpnose\" \/>\n<meta property=\"article:publisher\" content=\"https:\/\/facebook.com\/reikhypnose27\" \/>\n<meta property=\"article:modified_time\" content=\"2024-10-27T21:22:05+00:00\" \/>\n<meta property=\"og:image\" content=\"https:\/\/static.wixstatic.com\/media\/9ef5b0_fdd515c057c9418a833a5dfe88e91a52~mv2.jpg\/v1\/fill\/w_575,h_383,al_c,q_80,usm_0.66_1.00_0.01,enc_auto\/enfants.jpg\" \/>\n<meta name=\"twitter:card\" content=\"summary_large_image\" \/>\n<meta name=\"twitter:label1\" content=\"Dur\u00e9e de lecture estim\u00e9e\" \/>\n\t<meta name=\"twitter:data1\" content=\"2 minutes\" \/>\n<script type=\"application\/ld+json\" class=\"yoast-schema-graph\">{\"@context\":\"https:\/\/schema.org\",\"@graph\":[{\"@type\":\"WebPage\",\"@id\":\"https:\/\/patriciasevat.com\/index.php\/hypnose-pour-enfant\/\",\"url\":\"https:\/\/patriciasevat.com\/index.php\/hypnose-pour-enfant\/\",\"name\":\"Hypnose pour enfant - PShYpnose\",\"isPartOf\":{\"@id\":\"https:\/\/patriciasevat.com\/#website\"},\"primaryImageOfPage\":{\"@id\":\"https:\/\/patriciasevat.com\/index.php\/hypnose-pour-enfant\/#primaryimage\"},\"image\":{\"@id\":\"https:\/\/patriciasevat.com\/index.php\/hypnose-pour-enfant\/#primaryimage\"},\"thumbnailUrl\":\"https:\/\/static.wixstatic.com\/media\/9ef5b0_fdd515c057c9418a833a5dfe88e91a52~mv2.jpg\/v1\/fill\/w_575,h_383,al_c,q_80,usm_0.66_1.00_0.01,enc_auto\/enfants.jpg\",\"datePublished\":\"2023-10-04T11:32:12+00:00\",\"dateModified\":\"2024-10-27T21:22:05+00:00\",\"breadcrumb\":{\"@id\":\"https:\/\/patriciasevat.com\/index.php\/hypnose-pour-enfant\/#breadcrumb\"},\"inLanguage\":\"fr-FR\",\"potentialAction\":[{\"@type\":\"ReadAction\",\"target\":[\"https:\/\/patriciasevat.com\/index.php\/hypnose-pour-enfant\/\"]}]},{\"@type\":\"ImageObject\",\"inLanguage\":\"fr-FR\",\"@id\":\"https:\/\/patriciasevat.com\/index.php\/hypnose-pour-enfant\/#primaryimage\",\"url\":\"https:\/\/static.wixstatic.com\/media\/9ef5b0_fdd515c057c9418a833a5dfe88e91a52~mv2.jpg\/v1\/fill\/w_575,h_383,al_c,q_80,usm_0.66_1.00_0.01,enc_auto\/enfants.jpg\",\"contentUrl\":\"https:\/\/static.wixstatic.com\/media\/9ef5b0_fdd515c057c9418a833a5dfe88e91a52~mv2.jpg\/v1\/fill\/w_575,h_383,al_c,q_80,usm_0.66_1.00_0.01,enc_auto\/enfants.jpg\"},{\"@type\":\"BreadcrumbList\",\"@id\":\"https:\/\/patriciasevat.com\/index.php\/hypnose-pour-enfant\/#breadcrumb\",\"itemListElement\":[{\"@type\":\"ListItem\",\"position\":1,\"name\":\"Accueil\",\"item\":\"https:\/\/patriciasevat.com\/\"},{\"@type\":\"ListItem\",\"position\":2,\"name\":\"Hypnose pour enfant\"}]},{\"@type\":\"WebSite\",\"@id\":\"https:\/\/patriciasevat.com\/#website\",\"url\":\"https:\/\/patriciasevat.com\/\",\"name\":\"PShYpnose\",\"description\":\"Retour \u00e0 l&#039;\u00e9quilibre et au bien-\u00eatre\",\"publisher\":{\"@id\":\"https:\/\/patriciasevat.com\/#organization\"},\"potentialAction\":[{\"@type\":\"SearchAction\",\"target\":{\"@type\":\"EntryPoint\",\"urlTemplate\":\"https:\/\/patriciasevat.com\/?s={search_term_string}\"},\"query-input\":{\"@type\":\"PropertyValueSpecification\",\"valueRequired\":true,\"valueName\":\"search_term_string\"}}],\"inLanguage\":\"fr-FR\"},{\"@type\":\"Organization\",\"@id\":\"https:\/\/patriciasevat.com\/#organization\",\"name\":\"PShYpnose\",\"url\":\"https:\/\/patriciasevat.com\/\",\"logo\":{\"@type\":\"ImageObject\",\"inLanguage\":\"fr-FR\",\"@id\":\"https:\/\/patriciasevat.com\/#\/schema\/logo\/image\/\",\"url\":\"https:\/\/patriciasevat.com\/wp-content\/uploads\/2019\/06\/cropped-29791783_2063062273931214_4745556821386304232_n-2.jpg\",\"contentUrl\":\"https:\/\/patriciasevat.com\/wp-content\/uploads\/2019\/06\/cropped-29791783_2063062273931214_4745556821386304232_n-2.jpg\",\"width\":240,\"height\":250,\"caption\":\"PShYpnose\"},\"image\":{\"@id\":\"https:\/\/patriciasevat.com\/#\/schema\/logo\/image\/\"},\"sameAs\":[\"https:\/\/facebook.com\/reikhypnose27\",\"https:\/\/instagram.com\/reikhypnose\"]}]}<\/script>\n<!-- \/ Yoast SEO plugin. -->","yoast_head_json":{"title":"Hypnose pour enfant - PShYpnose","robots":{"index":"index","follow":"follow","max-snippet":"max-snippet:-1","max-image-preview":"max-image-preview:large","max-video-preview":"max-video-preview:-1"},"canonical":"https:\/\/patriciasevat.com\/index.php\/hypnose-pour-enfant\/","og_locale":"fr_FR","og_type":"article","og_title":"Hypnose pour enfant - PShYpnose","og_description":"\u00ab\u00a0Les adultes croient ce qu&rsquo;ils voient, les enfants voient ce qu&rsquo;ils croient !\u00a0\u00bb &nbsp; L&rsquo;Hypnose\u00a0est un\u00a0outil\u00a0tr\u00e8s efficace chez les\u00a0enfants, pour les aider \u00e0 am\u00e9liorer leur quotidien et \u00e0 se sentir mieux. Consid\u00e9rant les ados comme de jeunes adultes,\u00a0 je travaille diff\u00e9remment avec les enfants de moins de 12 ans. \u200bIl faut savoir que les enfants &hellip; Continuer la lecture de &laquo;&nbsp;Hypnose pour enfant&nbsp;&raquo;","og_url":"https:\/\/patriciasevat.com\/index.php\/hypnose-pour-enfant\/","og_site_name":"PShYpnose","article_publisher":"https:\/\/facebook.com\/reikhypnose27","article_modified_time":"2024-10-27T21:22:05+00:00","og_image":[{"url":"https:\/\/static.wixstatic.com\/media\/9ef5b0_fdd515c057c9418a833a5dfe88e91a52~mv2.jpg\/v1\/fill\/w_575,h_383,al_c,q_80,usm_0.66_1.00_0.01,enc_auto\/enfants.jpg","type":"","width":"","height":""}],"twitter_card":"summary_large_image","twitter_misc":{"Dur\u00e9e de lecture estim\u00e9e":"2 minutes"},"schema":{"@context":"https:\/\/schema.org","@graph":[{"@type":"WebPage","@id":"https:\/\/patriciasevat.com\/index.php\/hypnose-pour-enfant\/","url":"https:\/\/patriciasevat.com\/index.php\/hypnose-pour-enfant\/","name":"Hypnose pour enfant - PShYpnose","isPartOf":{"@id":"https:\/\/patriciasevat.com\/#website"},"primaryImageOfPage":{"@id":"https:\/\/patriciasevat.com\/index.php\/hypnose-pour-enfant\/#primaryimage"},"image":{"@id":"https:\/\/patriciasevat.com\/index.php\/hypnose-pour-enfant\/#primaryimage"},"thumbnailUrl":"https:\/\/static.wixstatic.com\/media\/9ef5b0_fdd515c057c9418a833a5dfe88e91a52~mv2.jpg\/v1\/fill\/w_575,h_383,al_c,q_80,usm_0.66_1.00_0.01,enc_auto\/enfants.jpg","datePublished":"2023-10-04T11:32:12+00:00","dateModified":"2024-10-27T21:22:05+00:00","breadcrumb":{"@id":"https:\/\/patriciasevat.com\/index.php\/hypnose-pour-enfant\/#breadcrumb"},"inLanguage":"fr-FR","potentialAction":[{"@type":"ReadAction","target":["https:\/\/patriciasevat.com\/index.php\/hypnose-pour-enfant\/"]}]},{"@type":"ImageObject","inLanguage":"fr-FR","@id":"https:\/\/patriciasevat.com\/index.php\/hypnose-pour-enfant\/#primaryimage","url":"https:\/\/static.wixstatic.com\/media\/9ef5b0_fdd515c057c9418a833a5dfe88e91a52~mv2.jpg\/v1\/fill\/w_575,h_383,al_c,q_80,usm_0.66_1.00_0.01,enc_auto\/enfants.jpg","contentUrl":"https:\/\/static.wixstatic.com\/media\/9ef5b0_fdd515c057c9418a833a5dfe88e91a52~mv2.jpg\/v1\/fill\/w_575,h_383,al_c,q_80,usm_0.66_1.00_0.01,enc_auto\/enfants.jpg"},{"@type":"BreadcrumbList","@id":"https:\/\/patriciasevat.com\/index.php\/hypnose-pour-enfant\/#breadcrumb","itemListElement":[{"@type":"ListItem","position":1,"name":"Accueil","item":"https:\/\/patriciasevat.com\/"},{"@type":"ListItem","position":2,"name":"Hypnose pour enfant"}]},{"@type":"WebSite","@id":"https:\/\/patriciasevat.com\/#website","url":"https:\/\/patriciasevat.com\/","name":"PShYpnose","description":"Retour \u00e0 l&#039;\u00e9quilibre et au bien-\u00eatre","publisher":{"@id":"https:\/\/patriciasevat.com\/#organization"},"potentialAction":[{"@type":"SearchAction","target":{"@type":"EntryPoint","urlTemplate":"https:\/\/patriciasevat.com\/?s={search_term_string}"},"query-input":{"@type":"PropertyValueSpecification","valueRequired":true,"valueName":"search_term_string"}}],"inLanguage":"fr-FR"},{"@type":"Organization","@id":"https:\/\/patriciasevat.com\/#organization","name":"PShYpnose","url":"https:\/\/patriciasevat.com\/","logo":{"@type":"ImageObject","inLanguage":"fr-FR","@id":"https:\/\/patriciasevat.com\/#\/schema\/logo\/image\/","url":"https:\/\/patriciasevat.com\/wp-content\/uploads\/2019\/06\/cropped-29791783_2063062273931214_4745556821386304232_n-2.jpg","contentUrl":"https:\/\/patriciasevat.com\/wp-content\/uploads\/2019\/06\/cropped-29791783_2063062273931214_4745556821386304232_n-2.jpg","width":240,"height":250,"caption":"PShYpnose"},"image":{"@id":"https:\/\/patriciasevat.com\/#\/schema\/logo\/image\/"},"sameAs":["https:\/\/facebook.com\/reikhypnose27","https:\/\/instagram.com\/reikhypnose"]}]}},"_links":{"self":[{"href":"https:\/\/patriciasevat.com\/index.php\/wp-json\/wp\/v2\/pages\/307","targetHints":{"allow":["GET"]}}],"collection":[{"href":"https:\/\/patriciasevat.com\/index.php\/wp-json\/wp\/v2\/pages"}],"about":[{"href":"https:\/\/patriciasevat.com\/index.php\/wp-json\/wp\/v2\/types\/page"}],"author":[{"embeddable":true,"href":"https:\/\/patriciasevat.com\/index.php\/wp-json\/wp\/v2\/users\/1"}],"replies":[{"embeddable":true,"href":"https:\/\/patriciasevat.com\/index.php\/wp-json\/wp\/v2\/comments?post=307"}],"version-history":[{"count":7,"href":"https:\/\/patriciasevat.com\/index.php\/wp-json\/wp\/v2\/pages\/307\/revisions"}],"predecessor-version":[{"id":400,"href":"https:\/\/patriciasevat.com\/index.php\/wp-json\/wp\/v2\/pages\/307\/revisions\/400"}],"wp:attachment":[{"href":"https:\/\/patriciasevat.com\/index.php\/wp-json\/wp\/v2\/media?parent=307"}],"curies":[{"name":"wp","href":"https:\/\/api.w.org\/{rel}","templated":true}]}}