{"id":109,"date":"2019-08-21T18:18:24","date_gmt":"2019-08-21T16:18:24","guid":{"rendered":"http:\/\/patriciasevat.com\/?page_id=109"},"modified":"2023-09-20T18:38:55","modified_gmt":"2023-09-20T16:38:55","slug":"complementarite-therapies","status":"publish","type":"page","link":"https:\/\/patriciasevat.com\/index.php\/complementarite-therapies\/","title":{"rendered":"Compl\u00e9mentarit\u00e9 th\u00e9rapies"},"content":{"rendered":"<p><span style=\"font-size: 18pt; color: #0000ff;\"><strong>Compl\u00e9mentarit\u00e9 de l\u2019hypnose et du Reiki<\/strong><\/span><\/p>\n<p><span style=\"color: #000000; font-family: 'arial black', sans-serif;\"><span style=\"font-size: 14pt;\"><em>L\u2019homme est un animal (physique), un animal social (\u00e9motionnel) et un animal pensant (intellectuel).<\/em><\/span><\/span><\/p>\n<p><span style=\"font-size: 14pt; font-family: 'trebuchet ms', geneva, sans-serif; color: #333333;\">Il est important d\u2019apprendre \u00e0 respecter un \u00e9quilibre int\u00e9rieur et ext\u00e9rieur, \u00e0 trouver l\u2019harmonie entre le physique, l\u2019\u00e9motionnel et l\u2019intellectuel. L\u2019interaction entre ces dimensions n\u2019est plus \u00e0 d\u00e9montrer.<\/span><\/p>\n<p><span style=\"font-family: 'trebuchet ms', geneva, sans-serif; color: #0000ff; font-size: 14pt;\">Les changements apport\u00e9s par le Reiki peuvent \u00eatre compl\u00e9t\u00e9s par l\u2019hypnose.<\/span><\/p>\n<p><span style=\"font-size: 14pt;\"><span style=\"font-family: trebuchet ms, geneva, sans-serif;\">Le Reiki, en partant du corps, va agir sur les deux premiers plans, physique et <\/span><span style=\"font-family: trebuchet ms, geneva, sans-serif;\">\u00e9motionnel. Le Reiki en lui-m\u00eame ne peut pas modifier nos fa\u00e7ons de penser, <\/span><span style=\"font-family: trebuchet ms, geneva, sans-serif;\">d\u2019aborder les situations. En revanche, il peut modifier nos fa\u00e7ons de percevoir <\/span><span style=\"font-family: trebuchet ms, geneva, sans-serif;\">et de ressentir ce qui pourra avoir comme cons\u00e9quence une modification de <\/span><span style=\"font-family: trebuchet ms, geneva, sans-serif;\">certains sch\u00e9mas cognitifs (croyances) \u00e0 moyen et long terme.<\/span><\/span><\/p>\n<p><span style=\"font-size: 14pt;\"><span style=\"font-family: trebuchet ms, geneva, sans-serif;\">L\u2019hypnose va agir en modifiant des sch\u00e9mas de pens\u00e9e presque instantan\u00e9ment <\/span><span style=\"font-family: trebuchet ms, geneva, sans-serif;\">et donc agir sur le plan intellectuel. D\u00e8s la fin d\u2019une s\u00e9ance d\u2019hypnose, le sujet <\/span><span style=\"font-family: trebuchet ms, geneva, sans-serif;\">ressent les effets positifs intervenus, un sourire est apparu, une d\u00e9tente <\/span><span style=\"font-family: trebuchet ms, geneva, sans-serif;\">remplace <\/span><span style=\"font-family: trebuchet ms, geneva, sans-serif;\">le stress ou l\u2019anxi\u00e9t\u00e9, une l\u00e9g\u00e8ret\u00e9 ou une lib\u00e9ration se font sentir. Bien entendu, <\/span><span style=\"font-family: trebuchet ms, geneva, sans-serif;\">les processus de changement continuent de se mettre en place tout au long des jours et des semaines qui suivent.<\/span><\/span><\/p>\n<p><span style=\"font-family: 'trebuchet ms', geneva, sans-serif; font-size: 14pt;\">L\u2019hypnose permet de remettre ce que nous sommes, ce que nous avons connu, nos exp\u00e9riences, l\u2019ensemble de ce qui nous a fait comme nous sommes, dans le mouvement primordial, dans une fluidit\u00e9 globale, sans blocage.<\/span><\/p>\n<p><span style=\"font-family: 'trebuchet ms', geneva, sans-serif; font-size: 14pt;\">Cela devient possible quand apparaissent de nouvelles connexions entre le pass\u00e9 et le pr\u00e9sent, le corps et l\u2019esprit, l\u2019espace et le temps, la cause et l\u2019effet, les mots et les images. Ces connexions se font, se d\u00e9font et se fondent dans la totalit\u00e9 de notre entit\u00e9. C\u2019est une fa\u00e7on de comprendre le monde sous une forme de sensorialit\u00e9 primitive. Il n\u2019y a plus de pass\u00e9, de futur, tout est pr\u00e9sent, ici et maintenant.<\/span><\/p>\n<p><span style=\"font-family: 'trebuchet ms', geneva, sans-serif; font-size: 14pt;\">Notre monde int\u00e9rieur, tout autant que notre relation au monde ext\u00e9rieur, peuvent effectuer un travail de sape, qui diminuera les effets b\u00e9n\u00e9fiques du Reiki.<\/span><\/p>\n<p><span style=\"font-family: 'trebuchet ms', geneva, sans-serif; font-size: 14pt;\">En effet, notre \u00e9poque est beaucoup plus agr\u00e9able \u00e0 vivre que celle de nos a\u00efeux et pourtant, paradoxalement, nous vivons plus stress\u00e9s plus anxieux\u2026 La soci\u00e9t\u00e9 dans laquelle nous vivons prend soin de nous, l\u2019\u00e9ducation, la sant\u00e9, la protection sociale, \u2026. et pourtant nous sommes terriblement anxieux (premiers consommateurs d\u2019anxiolytiques), stress\u00e9s. Plusieurs facteurs favorisent ces \u00e9tats de mal-\u00eatre : la mont\u00e9e de l\u2019individualisme, l\u2019impossibilit\u00e9 d\u2019acc\u00e9der \u00e0 tous nos d\u00e9sirs, l\u2019obligation de se r\u00e9aliser sur tous les plans, le besoin de consommation, l\u2019hyper-connectivit\u00e9, les informations souvent n\u00e9gatives ou catastrophiques\u2026<\/span><\/p>\n<p><span style=\"font-family: 'trebuchet ms', geneva, sans-serif; font-size: 14pt;\">Tous ces stimuli, internes ou externes, vont petit \u00e0 petit modifier notre \u00e9tat de s\u00e9r\u00e9nit\u00e9 retrouv\u00e9 gr\u00e2ce au Reiki. Il est n\u00e9cessaire de prendre conscience qu\u2019il faut \u00e9galement changer notre perception du monde, adopter de nouvelles fa\u00e7ons de penser, de r\u00e9agir, pour conserver ce calme, cette paix, cette acceptation.<\/span><\/p>\n<p><span style=\"font-family: 'trebuchet ms', geneva, sans-serif; font-size: 14pt;\">Le Reiki va nous aider \u00e0 am\u00e9liorer notre gestion des \u00e9motions pass\u00e9es et pr\u00e9sentes, cependant nous ne pourrons acc\u00e9der \u00e0 une harmonie globale, \u00e0 une acceptation enti\u00e8re qu\u2019\u00e0 la condition de nous \u00ab r\u00e9initialiser \u00bb, de repartir du point z\u00e9ro, l\u00e0 o\u00f9 nous pouvons \u00eatre nous-m\u00eames.<\/span><\/p>\n<p><span style=\"font-family: 'trebuchet ms', geneva, sans-serif; font-size: 14pt;\">Le Reiki peut \u00eatre pratiqu\u00e9 en m\u00eame temps que l\u2019hypnose, avant ou apr\u00e8s. Un temps de repos, d\u2019une semaine \u00e0 une dizaine de jours entre deux s\u00e9ances, est privil\u00e9gi\u00e9 afin d\u2019int\u00e9grer totalement tous les b\u00e9n\u00e9fices acquis.<\/span><\/p>\n<p><span style=\"font-size: 14pt;\"><strong><span style=\"font-family: 'trebuchet ms', geneva, sans-serif; color: #0000ff;\">C\u2019est cette nouvelle vie, lib\u00e9r\u00e9e des blocages sur tous les plans, que l\u2019hypnose et le Reiki, peuvent nous apporter.<\/span><\/strong><\/span><\/p>\n","protected":false},"excerpt":{"rendered":"<p>Compl\u00e9mentarit\u00e9 de l\u2019hypnose et du Reiki L\u2019homme est un animal (physique), un animal social (\u00e9motionnel) et un animal pensant (intellectuel). Il est important d\u2019apprendre \u00e0 respecter un \u00e9quilibre int\u00e9rieur et ext\u00e9rieur, \u00e0 trouver l\u2019harmonie entre le physique, l\u2019\u00e9motionnel et l\u2019intellectuel. L\u2019interaction entre ces dimensions n\u2019est plus \u00e0 d\u00e9montrer. Les changements apport\u00e9s par le Reiki peuvent &hellip; <\/p>\n<p class=\"link-more\"><a href=\"https:\/\/patriciasevat.com\/index.php\/complementarite-therapies\/\" class=\"more-link\">Continuer la lecture<span class=\"screen-reader-text\"> de &laquo;&nbsp;Compl\u00e9mentarit\u00e9 th\u00e9rapies&nbsp;&raquo;<\/span><\/a><\/p>\n","protected":false},"author":1,"featured_media":0,"parent":0,"menu_order":0,"comment_status":"closed","ping_status":"closed","template":"","meta":{"footnotes":""},"class_list":["post-109","page","type-page","status-publish","hentry"],"yoast_head":"<!-- This site is optimized with the Yoast SEO plugin v26.7 - https:\/\/yoast.com\/wordpress\/plugins\/seo\/ -->\n<title>Compl\u00e9mentarit\u00e9 th\u00e9rapies - PShYpnose<\/title>\n<meta name=\"robots\" content=\"index, follow, max-snippet:-1, max-image-preview:large, max-video-preview:-1\" \/>\n<link rel=\"canonical\" href=\"https:\/\/patriciasevat.com\/index.php\/complementarite-therapies\/\" \/>\n<meta property=\"og:locale\" content=\"fr_FR\" \/>\n<meta property=\"og:type\" content=\"article\" \/>\n<meta property=\"og:title\" content=\"Compl\u00e9mentarit\u00e9 th\u00e9rapies - PShYpnose\" \/>\n<meta property=\"og:description\" content=\"Compl\u00e9mentarit\u00e9 de l\u2019hypnose et du Reiki L\u2019homme est un animal (physique), un animal social (\u00e9motionnel) et un animal pensant (intellectuel). Il est important d\u2019apprendre \u00e0 respecter un \u00e9quilibre int\u00e9rieur et ext\u00e9rieur, \u00e0 trouver l\u2019harmonie entre le physique, l\u2019\u00e9motionnel et l\u2019intellectuel. L\u2019interaction entre ces dimensions n\u2019est plus \u00e0 d\u00e9montrer. Les changements apport\u00e9s par le Reiki peuvent &hellip; Continuer la lecture de &laquo;&nbsp;Compl\u00e9mentarit\u00e9 th\u00e9rapies&nbsp;&raquo;\" \/>\n<meta property=\"og:url\" content=\"https:\/\/patriciasevat.com\/index.php\/complementarite-therapies\/\" \/>\n<meta property=\"og:site_name\" content=\"PShYpnose\" \/>\n<meta property=\"article:publisher\" content=\"https:\/\/facebook.com\/reikhypnose27\" \/>\n<meta property=\"article:modified_time\" content=\"2023-09-20T16:38:55+00:00\" \/>\n<meta name=\"twitter:card\" content=\"summary_large_image\" \/>\n<meta name=\"twitter:label1\" content=\"Dur\u00e9e de lecture estim\u00e9e\" \/>\n\t<meta name=\"twitter:data1\" content=\"3 minutes\" \/>\n<script type=\"application\/ld+json\" class=\"yoast-schema-graph\">{\"@context\":\"https:\/\/schema.org\",\"@graph\":[{\"@type\":\"WebPage\",\"@id\":\"https:\/\/patriciasevat.com\/index.php\/complementarite-therapies\/\",\"url\":\"https:\/\/patriciasevat.com\/index.php\/complementarite-therapies\/\",\"name\":\"Compl\u00e9mentarit\u00e9 th\u00e9rapies - PShYpnose\",\"isPartOf\":{\"@id\":\"https:\/\/patriciasevat.com\/#website\"},\"datePublished\":\"2019-08-21T16:18:24+00:00\",\"dateModified\":\"2023-09-20T16:38:55+00:00\",\"breadcrumb\":{\"@id\":\"https:\/\/patriciasevat.com\/index.php\/complementarite-therapies\/#breadcrumb\"},\"inLanguage\":\"fr-FR\",\"potentialAction\":[{\"@type\":\"ReadAction\",\"target\":[\"https:\/\/patriciasevat.com\/index.php\/complementarite-therapies\/\"]}]},{\"@type\":\"BreadcrumbList\",\"@id\":\"https:\/\/patriciasevat.com\/index.php\/complementarite-therapies\/#breadcrumb\",\"itemListElement\":[{\"@type\":\"ListItem\",\"position\":1,\"name\":\"Accueil\",\"item\":\"https:\/\/patriciasevat.com\/\"},{\"@type\":\"ListItem\",\"position\":2,\"name\":\"Compl\u00e9mentarit\u00e9 th\u00e9rapies\"}]},{\"@type\":\"WebSite\",\"@id\":\"https:\/\/patriciasevat.com\/#website\",\"url\":\"https:\/\/patriciasevat.com\/\",\"name\":\"PShYpnose\",\"description\":\"Retour \u00e0 l&#039;\u00e9quilibre et au bien-\u00eatre\",\"publisher\":{\"@id\":\"https:\/\/patriciasevat.com\/#organization\"},\"potentialAction\":[{\"@type\":\"SearchAction\",\"target\":{\"@type\":\"EntryPoint\",\"urlTemplate\":\"https:\/\/patriciasevat.com\/?s={search_term_string}\"},\"query-input\":{\"@type\":\"PropertyValueSpecification\",\"valueRequired\":true,\"valueName\":\"search_term_string\"}}],\"inLanguage\":\"fr-FR\"},{\"@type\":\"Organization\",\"@id\":\"https:\/\/patriciasevat.com\/#organization\",\"name\":\"PShYpnose\",\"url\":\"https:\/\/patriciasevat.com\/\",\"logo\":{\"@type\":\"ImageObject\",\"inLanguage\":\"fr-FR\",\"@id\":\"https:\/\/patriciasevat.com\/#\/schema\/logo\/image\/\",\"url\":\"https:\/\/patriciasevat.com\/wp-content\/uploads\/2019\/06\/cropped-29791783_2063062273931214_4745556821386304232_n-2.jpg\",\"contentUrl\":\"https:\/\/patriciasevat.com\/wp-content\/uploads\/2019\/06\/cropped-29791783_2063062273931214_4745556821386304232_n-2.jpg\",\"width\":240,\"height\":250,\"caption\":\"PShYpnose\"},\"image\":{\"@id\":\"https:\/\/patriciasevat.com\/#\/schema\/logo\/image\/\"},\"sameAs\":[\"https:\/\/facebook.com\/reikhypnose27\",\"https:\/\/instagram.com\/reikhypnose\"]}]}<\/script>\n<!-- \/ Yoast SEO plugin. -->","yoast_head_json":{"title":"Compl\u00e9mentarit\u00e9 th\u00e9rapies - PShYpnose","robots":{"index":"index","follow":"follow","max-snippet":"max-snippet:-1","max-image-preview":"max-image-preview:large","max-video-preview":"max-video-preview:-1"},"canonical":"https:\/\/patriciasevat.com\/index.php\/complementarite-therapies\/","og_locale":"fr_FR","og_type":"article","og_title":"Compl\u00e9mentarit\u00e9 th\u00e9rapies - PShYpnose","og_description":"Compl\u00e9mentarit\u00e9 de l\u2019hypnose et du Reiki L\u2019homme est un animal (physique), un animal social (\u00e9motionnel) et un animal pensant (intellectuel). Il est important d\u2019apprendre \u00e0 respecter un \u00e9quilibre int\u00e9rieur et ext\u00e9rieur, \u00e0 trouver l\u2019harmonie entre le physique, l\u2019\u00e9motionnel et l\u2019intellectuel. L\u2019interaction entre ces dimensions n\u2019est plus \u00e0 d\u00e9montrer. Les changements apport\u00e9s par le Reiki peuvent &hellip; Continuer la lecture de &laquo;&nbsp;Compl\u00e9mentarit\u00e9 th\u00e9rapies&nbsp;&raquo;","og_url":"https:\/\/patriciasevat.com\/index.php\/complementarite-therapies\/","og_site_name":"PShYpnose","article_publisher":"https:\/\/facebook.com\/reikhypnose27","article_modified_time":"2023-09-20T16:38:55+00:00","twitter_card":"summary_large_image","twitter_misc":{"Dur\u00e9e de lecture estim\u00e9e":"3 minutes"},"schema":{"@context":"https:\/\/schema.org","@graph":[{"@type":"WebPage","@id":"https:\/\/patriciasevat.com\/index.php\/complementarite-therapies\/","url":"https:\/\/patriciasevat.com\/index.php\/complementarite-therapies\/","name":"Compl\u00e9mentarit\u00e9 th\u00e9rapies - PShYpnose","isPartOf":{"@id":"https:\/\/patriciasevat.com\/#website"},"datePublished":"2019-08-21T16:18:24+00:00","dateModified":"2023-09-20T16:38:55+00:00","breadcrumb":{"@id":"https:\/\/patriciasevat.com\/index.php\/complementarite-therapies\/#breadcrumb"},"inLanguage":"fr-FR","potentialAction":[{"@type":"ReadAction","target":["https:\/\/patriciasevat.com\/index.php\/complementarite-therapies\/"]}]},{"@type":"BreadcrumbList","@id":"https:\/\/patriciasevat.com\/index.php\/complementarite-therapies\/#breadcrumb","itemListElement":[{"@type":"ListItem","position":1,"name":"Accueil","item":"https:\/\/patriciasevat.com\/"},{"@type":"ListItem","position":2,"name":"Compl\u00e9mentarit\u00e9 th\u00e9rapies"}]},{"@type":"WebSite","@id":"https:\/\/patriciasevat.com\/#website","url":"https:\/\/patriciasevat.com\/","name":"PShYpnose","description":"Retour \u00e0 l&#039;\u00e9quilibre et au bien-\u00eatre","publisher":{"@id":"https:\/\/patriciasevat.com\/#organization"},"potentialAction":[{"@type":"SearchAction","target":{"@type":"EntryPoint","urlTemplate":"https:\/\/patriciasevat.com\/?s={search_term_string}"},"query-input":{"@type":"PropertyValueSpecification","valueRequired":true,"valueName":"search_term_string"}}],"inLanguage":"fr-FR"},{"@type":"Organization","@id":"https:\/\/patriciasevat.com\/#organization","name":"PShYpnose","url":"https:\/\/patriciasevat.com\/","logo":{"@type":"ImageObject","inLanguage":"fr-FR","@id":"https:\/\/patriciasevat.com\/#\/schema\/logo\/image\/","url":"https:\/\/patriciasevat.com\/wp-content\/uploads\/2019\/06\/cropped-29791783_2063062273931214_4745556821386304232_n-2.jpg","contentUrl":"https:\/\/patriciasevat.com\/wp-content\/uploads\/2019\/06\/cropped-29791783_2063062273931214_4745556821386304232_n-2.jpg","width":240,"height":250,"caption":"PShYpnose"},"image":{"@id":"https:\/\/patriciasevat.com\/#\/schema\/logo\/image\/"},"sameAs":["https:\/\/facebook.com\/reikhypnose27","https:\/\/instagram.com\/reikhypnose"]}]}},"_links":{"self":[{"href":"https:\/\/patriciasevat.com\/index.php\/wp-json\/wp\/v2\/pages\/109","targetHints":{"allow":["GET"]}}],"collection":[{"href":"https:\/\/patriciasevat.com\/index.php\/wp-json\/wp\/v2\/pages"}],"about":[{"href":"https:\/\/patriciasevat.com\/index.php\/wp-json\/wp\/v2\/types\/page"}],"author":[{"embeddable":true,"href":"https:\/\/patriciasevat.com\/index.php\/wp-json\/wp\/v2\/users\/1"}],"replies":[{"embeddable":true,"href":"https:\/\/patriciasevat.com\/index.php\/wp-json\/wp\/v2\/comments?post=109"}],"version-history":[{"count":6,"href":"https:\/\/patriciasevat.com\/index.php\/wp-json\/wp\/v2\/pages\/109\/revisions"}],"predecessor-version":[{"id":165,"href":"https:\/\/patriciasevat.com\/index.php\/wp-json\/wp\/v2\/pages\/109\/revisions\/165"}],"wp:attachment":[{"href":"https:\/\/patriciasevat.com\/index.php\/wp-json\/wp\/v2\/media?parent=109"}],"curies":[{"name":"wp","href":"https:\/\/api.w.org\/{rel}","templated":true}]}}